{"id":4143,"date":"2020-02-07T22:21:39","date_gmt":"2020-02-07T21:21:39","guid":{"rendered":"https:\/\/www.mudanzascontrol.com\/consejos-mudanza\/"},"modified":"2025-04-30T09:18:43","modified_gmt":"2025-04-30T08:18:43","slug":"consells-mudances","status":"publish","type":"page","link":"https:\/\/www.mudanzascontrol.com\/ca\/consells-mudances\/","title":{"rendered":"Consells per la mudan\u00e7a"},"content":{"rendered":"<div class=\"wpb-content-wrapper\"><p>[vc_row css=&#8221;.vc_custom_1559901943150{background-color: #ffffff !important;background-position: center !important;background-repeat: no-repeat !important;background-size: cover !important;}&#8221;][vc_column][vc_single_image image=&#8221;2551&#8243; img_size=&#8221;full&#8221; alignment=&#8221;center&#8221;][vc_column_text]<\/p>\n<h1 style=\"text-align: center;\">Consells per la seva mudan\u00e7a<\/h1>\n<p>Elaborem aquests consells de mudan\u00e7a escrits per l&#8217;equip de la nostra empresa amb l&#8217;objectiu d&#8217;ajudar que visqui el seu trasllat com un canvi positiu. Per a la seva redacci\u00f3 ens hem basat en l&#8217;experi\u00e8ncia adquirida durant els nostres m\u00e9s de 35 anys d&#8217;hist\u00f2ria i en el coneixement de coautors especialitzats en mat\u00e8ria d&#8217;ordre i la psicologia. Alguns d&#8217;aquests tips els hem redactat a petici\u00f3 dels nostres clients i d&#8217;altres els hem considerat molt \u00fatils per organitzar una mudan\u00e7a sense contratemps.<\/p>\n<p>Llegeixi les nostres recomanacions i asseguri&#8217;s que la mudan\u00e7a es dugui a terme amb una actitud i resultats positius. Si creu que podem incorporar algun nou article, estarem encantats d&#8217;escoltar les seves propostes.[\/vc_column_text][vc_empty_space height=&#8221;2em&#8221; alter_height=&#8221;none&#8221; hide_on_mobile=&#8221;&#8221;][vc_basic_grid post_type=&#8221;post&#8221; max_items=&#8221;10&#8243; gap=&#8221;25&#8243; item=&#8221;5388&#8243; initial_loading_animation=&#8221;none&#8221; grid_id=&#8221;vc_gid:1611927445260-814a5fa5-3b16-3&#8243; taxonomies=&#8221;37&#8243;][vc_empty_space height=&#8221;2em&#8221; alter_height=&#8221;none&#8221; hide_on_mobile=&#8221;&#8221;][vc_basic_grid post_type=&#8221;ids&#8221; gap=&#8221;25&#8243; item=&#8221;5388&#8243; initial_loading_animation=&#8221;none&#8221; grid_id=&#8221;vc_gid:1611927445263-e5436215-beaf-0&#8243; include=&#8221;1983&#8243; css=&#8221;.vc_custom_1611926211235{border-radius: 2px !important;}&#8221;][\/vc_column][\/vc_row][vc_row][vc_column width=&#8221;1\/2&#8243;][vc_custom_heading text=&#8221;Contacta&#8217;ns&#8221; font_container=&#8221;tag:h4|text_align:center&#8221; use_theme_fonts=&#8221;yes&#8221;][vc_column_text]<\/p>\n<p style=\"text-align: center;\">Av. Prat de la Riba, 186, Nave 6, 08780 Pallej\u00e0, Barcelona<\/p>\n<p>[\/vc_column_text][vc_empty_space height=&#8221;2em&#8221; alter_height=&#8221;none&#8221; hide_on_mobile=&#8221;&#8221;][vc_column_text]<\/p>\n<p style=\"text-align: center;\">Tlf: +34 93 334 01 00<\/p>\n<p>[\/vc_column_text][vc_empty_space height=&#8221;1.5em&#8221; alter_height=&#8221;none&#8221; hide_on_mobile=&#8221;&#8221;][vc_column_text]<\/p>\n<p style=\"text-align: center;\">Email: comercial@mudanzascontrol.com<\/p>\n<p>[\/vc_column_text][vc_empty_space height=&#8221;1.5em&#8221; alter_height=&#8221;none&#8221; hide_on_mobile=&#8221;&#8221;][\/vc_column][vc_column width=&#8221;1\/2&#8243;][vc_custom_heading text=&#8221;Horari Oficina&#8221; font_container=&#8221;tag:h4|text_align:center&#8221; use_theme_fonts=&#8221;yes&#8221;][vc_column_text]<\/p>\n<p style=\"text-align: center;\">Dilluns &#8211; Dijous<br \/>\n9.00 &#8211; 19.00[\/vc_column_text][vc_empty_space height=&#8221;2em&#8221; alter_height=&#8221;none&#8221; hide_on_mobile=&#8221;&#8221;][vc_column_text]<\/p>\n<p style=\"text-align: center;\">Divendres<br \/>\n9.00 &#8211; 18.00[\/vc_column_text][vc_empty_space height=&#8221;2em&#8221; alter_height=&#8221;none&#8221; hide_on_mobile=&#8221;&#8221;][\/vc_column][\/vc_row]<\/p>\n<\/div>","protected":false},"excerpt":{"rendered":"<p>[vc_row css=&#8221;.vc_custom_1559901943150{background-color: #ffffff !important;background-position: center !important;background-repeat: no-repeat !important;background-size: cover !important;}&#8221;][vc_column][vc_single_image image=&#8221;2551&#8243; img_size=&#8221;full&#8221; alignment=&#8221;center&#8221;][vc_column_text] Consells per la seva mudan\u00e7a Elaborem aquests consells de mudan\u00e7a escrits per l&#8217;equip de la nostra empresa amb l&#8217;objectiu d&#8217;ajudar que visqui el seu trasllat com un&hellip;<\/p>\n","protected":false},"author":5,"featured_media":0,"parent":0,"menu_order":0,"comment_status":"closed","ping_status":"closed","template":"","meta":{"footnotes":""},"class_list":["post-4143","page","type-page","status-publish","hentry"],"yoast_head":"<!-- This site is optimized with the Yoast SEO Premium plugin v27.1 (Yoast SEO v27.1.1) - https:\/\/yoast.com\/product\/yoast-seo-premium-wordpress\/ -->\n<title>Consells de mudan\u00e7a escrits per professionals del sector<\/title>\n<meta name=\"description\" content=\"Consells per a mudances ben organitzades i efectives. Li expliquem trucs i recomanacions per mudances basant-nos en la nostra experi\u00e8ncia \u2705.\" \/>\n<meta name=\"robots\" content=\"index, follow, max-snippet:-1, max-image-preview:large, max-video-preview:-1\" \/>\n<link rel=\"canonical\" href=\"https:\/\/www.mudanzascontrol.com\/ca\/consells-mudances\/\" \/>\n<meta property=\"og:locale\" content=\"ca_ES\" \/>\n<meta property=\"og:type\" content=\"article\" \/>\n<meta property=\"og:title\" content=\"Consells per la mudan\u00e7a\" \/>\n<meta property=\"og:description\" content=\"Consells per la seva mudan\u00e7a Elaborem aquests consells de mudan\u00e7a escrits per l&#039;equip de la nostra empresa amb l&#039;objectiu d&#039;ajudar que visqui el seu\" \/>\n<meta property=\"og:url\" content=\"https:\/\/www.mudanzascontrol.com\/ca\/consells-mudances\/\" \/>\n<meta property=\"og:site_name\" content=\"Mudanzas Control\" \/>\n<meta property=\"article:publisher\" content=\"https:\/\/es-es.facebook.com\/MudanzasControl\/\" \/>\n<meta property=\"article:modified_time\" content=\"2025-04-30T08:18:43+00:00\" \/>\n<meta property=\"og:image\" content=\"https:\/\/www.mudanzascontrol.com\/wp-content\/uploads\/2019\/05\/Mudanzas-Barcelona-Control-1.jpg\" \/>\n\t<meta property=\"og:image:width\" content=\"3780\" \/>\n\t<meta property=\"og:image:height\" content=\"2530\" \/>\n\t<meta property=\"og:image:type\" content=\"image\/jpeg\" \/>\n<meta name=\"twitter:card\" content=\"summary_large_image\" \/>\n<meta name=\"twitter:site\" content=\"@MudanzasControl\" \/>\n<meta name=\"twitter:label1\" content=\"Temps estimat de lectura\" \/>\n\t<meta name=\"twitter:data1\" content=\"1 minut\" \/>\n<script type=\"application\/ld+json\" class=\"yoast-schema-graph\">{\"@context\":\"https:\/\/schema.org\",\"@graph\":[{\"@type\":\"WebPage\",\"@id\":\"https:\/\/www.mudanzascontrol.com\/ca\/consells-mudances\/\",\"url\":\"https:\/\/www.mudanzascontrol.com\/ca\/consells-mudances\/\",\"name\":\"Consells de mudan\u00e7a escrits per professionals del sector\",\"isPartOf\":{\"@id\":\"https:\/\/www.mudanzascontrol.com\/#website\"},\"datePublished\":\"2020-02-07T21:21:39+00:00\",\"dateModified\":\"2025-04-30T08:18:43+00:00\",\"description\":\"Consells per a mudances ben organitzades i efectives. Li expliquem trucs i recomanacions per mudances basant-nos en la nostra experi\u00e8ncia \u2705.\",\"breadcrumb\":{\"@id\":\"https:\/\/www.mudanzascontrol.com\/ca\/consells-mudances\/#breadcrumb\"},\"inLanguage\":\"ca\",\"potentialAction\":[{\"@type\":\"ReadAction\",\"target\":[\"https:\/\/www.mudanzascontrol.com\/ca\/consells-mudances\/\"]}]},{\"@type\":\"BreadcrumbList\",\"@id\":\"https:\/\/www.mudanzascontrol.com\/ca\/consells-mudances\/#breadcrumb\",\"itemListElement\":[{\"@type\":\"ListItem\",\"position\":1,\"name\":\"Portada\",\"item\":\"https:\/\/www.mudanzascontrol.com\/ca\/inicio\/\"},{\"@type\":\"ListItem\",\"position\":2,\"name\":\"Consells per la mudan\u00e7a\"}]},{\"@type\":\"WebSite\",\"@id\":\"https:\/\/www.mudanzascontrol.com\/#website\",\"url\":\"https:\/\/www.mudanzascontrol.com\/\",\"name\":\"Mudanzas Control\",\"description\":\"Empresa de Mudanzas en Barcelona\",\"publisher\":{\"@id\":\"https:\/\/www.mudanzascontrol.com\/#organization\"},\"alternateName\":\"CONTROL Mudanzas Barcelona\",\"potentialAction\":[{\"@type\":\"SearchAction\",\"target\":{\"@type\":\"EntryPoint\",\"urlTemplate\":\"https:\/\/www.mudanzascontrol.com\/?s={search_term_string}\"},\"query-input\":{\"@type\":\"PropertyValueSpecification\",\"valueRequired\":true,\"valueName\":\"search_term_string\"}}],\"inLanguage\":\"ca\"},{\"@type\":\"Organization\",\"@id\":\"https:\/\/www.mudanzascontrol.com\/#organization\",\"name\":\"CONTROL Mudanzas\",\"url\":\"https:\/\/www.mudanzascontrol.com\/\",\"logo\":{\"@type\":\"ImageObject\",\"inLanguage\":\"ca\",\"@id\":\"https:\/\/www.mudanzascontrol.com\/#\/schema\/logo\/image\/\",\"url\":\"https:\/\/www.mudanzascontrol.com\/wp-content\/uploads\/2019\/08\/Control-Mudanzas-Barcelona.jpg\",\"contentUrl\":\"https:\/\/www.mudanzascontrol.com\/wp-content\/uploads\/2019\/08\/Control-Mudanzas-Barcelona.jpg\",\"width\":500,\"height\":125,\"caption\":\"CONTROL Mudanzas\"},\"image\":{\"@id\":\"https:\/\/www.mudanzascontrol.com\/#\/schema\/logo\/image\/\"},\"sameAs\":[\"https:\/\/es-es.facebook.com\/MudanzasControl\/\",\"https:\/\/x.com\/MudanzasControl\",\"https:\/\/www.instagram.com\/mudanzascontrol\/\",\"https:\/\/www.linkedin.com\/company\/control-mudanzas-sl\",\"https:\/\/www.pinterest.es\/mudanzascontrol\/\",\"https:\/\/www.youtube.com\/user\/Guardamuebles1\"],\"description\":\"Empresa de mudanzas ubicada en Barcelona\",\"email\":\"comercial@mudanzascontrol.com\",\"telephone\":\"933340100\",\"legalName\":\"CONSORCIO DE TRANSITO Y ORGANIZACI\u00d3N LOG\u00cdSTICA EN MUDANZAS, SLU\",\"vatID\":\"B61104253\",\"taxID\":\"B61104253\",\"numberOfEmployees\":{\"@type\":\"QuantitativeValue\",\"minValue\":\"11\",\"maxValue\":\"50\"}}]}<\/script>\n<!-- \/ Yoast SEO Premium plugin. -->","yoast_head_json":{"title":"Consells de mudan\u00e7a escrits per professionals del sector","description":"Consells per a mudances ben organitzades i efectives. Li expliquem trucs i recomanacions per mudances basant-nos en la nostra experi\u00e8ncia \u2705.","robots":{"index":"index","follow":"follow","max-snippet":"max-snippet:-1","max-image-preview":"max-image-preview:large","max-video-preview":"max-video-preview:-1"},"canonical":"https:\/\/www.mudanzascontrol.com\/ca\/consells-mudances\/","og_locale":"ca_ES","og_type":"article","og_title":"Consells per la mudan\u00e7a","og_description":"Consells per la seva mudan\u00e7a Elaborem aquests consells de mudan\u00e7a escrits per l'equip de la nostra empresa amb l'objectiu d'ajudar que visqui el seu","og_url":"https:\/\/www.mudanzascontrol.com\/ca\/consells-mudances\/","og_site_name":"Mudanzas Control","article_publisher":"https:\/\/es-es.facebook.com\/MudanzasControl\/","article_modified_time":"2025-04-30T08:18:43+00:00","og_image":[{"width":3780,"height":2530,"url":"https:\/\/www.mudanzascontrol.com\/wp-content\/uploads\/2019\/05\/Mudanzas-Barcelona-Control-1.jpg","type":"image\/jpeg"}],"twitter_card":"summary_large_image","twitter_site":"@MudanzasControl","twitter_misc":{"Temps estimat de lectura":"1 minut"},"schema":{"@context":"https:\/\/schema.org","@graph":[{"@type":"WebPage","@id":"https:\/\/www.mudanzascontrol.com\/ca\/consells-mudances\/","url":"https:\/\/www.mudanzascontrol.com\/ca\/consells-mudances\/","name":"Consells de mudan\u00e7a escrits per professionals del sector","isPartOf":{"@id":"https:\/\/www.mudanzascontrol.com\/#website"},"datePublished":"2020-02-07T21:21:39+00:00","dateModified":"2025-04-30T08:18:43+00:00","description":"Consells per a mudances ben organitzades i efectives. Li expliquem trucs i recomanacions per mudances basant-nos en la nostra experi\u00e8ncia \u2705.","breadcrumb":{"@id":"https:\/\/www.mudanzascontrol.com\/ca\/consells-mudances\/#breadcrumb"},"inLanguage":"ca","potentialAction":[{"@type":"ReadAction","target":["https:\/\/www.mudanzascontrol.com\/ca\/consells-mudances\/"]}]},{"@type":"BreadcrumbList","@id":"https:\/\/www.mudanzascontrol.com\/ca\/consells-mudances\/#breadcrumb","itemListElement":[{"@type":"ListItem","position":1,"name":"Portada","item":"https:\/\/www.mudanzascontrol.com\/ca\/inicio\/"},{"@type":"ListItem","position":2,"name":"Consells per la mudan\u00e7a"}]},{"@type":"WebSite","@id":"https:\/\/www.mudanzascontrol.com\/#website","url":"https:\/\/www.mudanzascontrol.com\/","name":"Mudanzas Control","description":"Empresa de Mudanzas en Barcelona","publisher":{"@id":"https:\/\/www.mudanzascontrol.com\/#organization"},"alternateName":"CONTROL Mudanzas Barcelona","potentialAction":[{"@type":"SearchAction","target":{"@type":"EntryPoint","urlTemplate":"https:\/\/www.mudanzascontrol.com\/?s={search_term_string}"},"query-input":{"@type":"PropertyValueSpecification","valueRequired":true,"valueName":"search_term_string"}}],"inLanguage":"ca"},{"@type":"Organization","@id":"https:\/\/www.mudanzascontrol.com\/#organization","name":"CONTROL Mudanzas","url":"https:\/\/www.mudanzascontrol.com\/","logo":{"@type":"ImageObject","inLanguage":"ca","@id":"https:\/\/www.mudanzascontrol.com\/#\/schema\/logo\/image\/","url":"https:\/\/www.mudanzascontrol.com\/wp-content\/uploads\/2019\/08\/Control-Mudanzas-Barcelona.jpg","contentUrl":"https:\/\/www.mudanzascontrol.com\/wp-content\/uploads\/2019\/08\/Control-Mudanzas-Barcelona.jpg","width":500,"height":125,"caption":"CONTROL Mudanzas"},"image":{"@id":"https:\/\/www.mudanzascontrol.com\/#\/schema\/logo\/image\/"},"sameAs":["https:\/\/es-es.facebook.com\/MudanzasControl\/","https:\/\/x.com\/MudanzasControl","https:\/\/www.instagram.com\/mudanzascontrol\/","https:\/\/www.linkedin.com\/company\/control-mudanzas-sl","https:\/\/www.pinterest.es\/mudanzascontrol\/","https:\/\/www.youtube.com\/user\/Guardamuebles1"],"description":"Empresa de mudanzas ubicada en Barcelona","email":"comercial@mudanzascontrol.com","telephone":"933340100","legalName":"CONSORCIO DE TRANSITO Y ORGANIZACI\u00d3N LOG\u00cdSTICA EN MUDANZAS, SLU","vatID":"B61104253","taxID":"B61104253","numberOfEmployees":{"@type":"QuantitativeValue","minValue":"11","maxValue":"50"}}]}},"_links":{"self":[{"href":"https:\/\/www.mudanzascontrol.com\/ca\/wp-json\/wp\/v2\/pages\/4143","targetHints":{"allow":["GET"]}}],"collection":[{"href":"https:\/\/www.mudanzascontrol.com\/ca\/wp-json\/wp\/v2\/pages"}],"about":[{"href":"https:\/\/www.mudanzascontrol.com\/ca\/wp-json\/wp\/v2\/types\/page"}],"author":[{"embeddable":true,"href":"https:\/\/www.mudanzascontrol.com\/ca\/wp-json\/wp\/v2\/users\/5"}],"replies":[{"embeddable":true,"href":"https:\/\/www.mudanzascontrol.com\/ca\/wp-json\/wp\/v2\/comments?post=4143"}],"version-history":[{"count":0,"href":"https:\/\/www.mudanzascontrol.com\/ca\/wp-json\/wp\/v2\/pages\/4143\/revisions"}],"wp:attachment":[{"href":"https:\/\/www.mudanzascontrol.com\/ca\/wp-json\/wp\/v2\/media?parent=4143"}],"curies":[{"name":"wp","href":"https:\/\/api.w.org\/{rel}","templated":true}]}}