{"id":5711,"date":"2025-03-22T22:09:25","date_gmt":"2025-03-22T21:09:25","guid":{"rendered":"https:\/\/www.mudanzascontrol.com\/?page_id=5711"},"modified":"2025-03-22T22:09:25","modified_gmt":"2025-03-22T21:09:25","slug":"permis-de-mudanca-a-barcelona","status":"publish","type":"page","link":"https:\/\/www.mudanzascontrol.com\/ca\/permis-de-mudanca-a-barcelona\/","title":{"rendered":"Perm\u00eds de mudan\u00e7a a Barcelona"},"content":{"rendered":"\r\n<figure class=\"wp-block-image\"><img loading=\"lazy\" decoding=\"async\" width=\"1024\" height=\"551\" class=\"wp-image-2402\" src=\"https:\/\/www.mudanzascontrol.com\/wp-content\/uploads\/2019\/05\/IMG_3805-1-1024x551.jpg\" alt=\"\" srcset=\"https:\/\/www.mudanzascontrol.com\/wp-content\/uploads\/2019\/05\/IMG_3805-1-1024x551.jpg 1024w, https:\/\/www.mudanzascontrol.com\/wp-content\/uploads\/2019\/05\/IMG_3805-1-300x161.jpg 300w, https:\/\/www.mudanzascontrol.com\/wp-content\/uploads\/2019\/05\/IMG_3805-1-768x413.jpg 768w, https:\/\/www.mudanzascontrol.com\/wp-content\/uploads\/2019\/05\/IMG_3805-1-370x199.jpg 370w, https:\/\/www.mudanzascontrol.com\/wp-content\/uploads\/2019\/05\/IMG_3805-1-770x414.jpg 770w, https:\/\/www.mudanzascontrol.com\/wp-content\/uploads\/2019\/05\/IMG_3805-1.jpg 1580w\" sizes=\"auto, (max-width: 1024px) 100vw, 1024px\" \/><\/figure>\r\n\r\n\r\n\r\n<h3 class=\"has-text-align-center wp-block-heading\">Permisos d&#8217; estacionament per a mudances<\/h3>\r\n\r\n\r\n\r\n<p>A l&#8217; hora de realitzar una mudan\u00e7a \u00e9s important trobar una ubicaci\u00f3 a prop del portal on estacionar el cami\u00f3 o camions i eventualment la plataforma elevadora. Per aix\u00f2, en la majoria de casos ocuparem la via p\u00fablica, ja sigui en zones d&#8217;estacionament delimitades o altres espais. En altres casos, el vehicle pot quedar estacionat en un recinte de propietat privada, cas en el qual n&#8217;hi ha prou amb tenir expressa autoritzaci\u00f3 del propietari (habitualment el mateix client).<\/p>\r\n\r\n\r\n\r\n<p>Per als casos m\u00e9s habituals en els quals necessitarem ocupar la via p\u00fablica ser\u00e0 obligatori notificar a l&#8217;Ajuntament del municipi mitjan\u00e7ant una sol\u00b7licitud de perm\u00eds d&#8217;estacionament per a mudances.<\/p>\r\n\r\n\r\n\r\n<h4 class=\"wp-block-heading\">Perm\u00eds d&#8217; estacionament per a mudances a Barcelona<\/h4>\r\n\r\n\r\n\r\n<p>El perm\u00eds per a una mudan\u00e7a a Barcelona s&#8217; ha de demanar amb una antelaci\u00f3 m\u00ednima de 3 a 7 dies depenent de la Normativa de cada poblaci\u00f3. A Barcelona ciutat cal demanar-ho amb 5 dies h\u00e0bils d&#8217; antelaci\u00f3. Habitualment podem demanar-ho telem\u00e0ticament per internet, per\u00f2 encara queden moltes poblacions a la prov\u00edncia de Barcelona que requereixen que el tr\u00e0mit sigui presencial. A Mudances Control realitzem els tr\u00e0mits telem\u00e0tics sense cost afegit pel nostre servei.<\/p>\r\n\r\n\r\n\r\n<h4 class=\"wp-block-heading\">Barcelona ciutat<\/h4>\r\n\r\n\r\n\r\n<div class=\"wp-block-image\">\r\n<figure class=\"alignright\"><img decoding=\"async\" src=\"https:\/\/www.mudanzascontrol.com\/wp-content\/uploads\/2019\/04\/permiso-mudanza-barcelona.jpg\" alt=\"elevador muntamobles\" \/><\/figure>\r\n<\/div>\r\n\r\n\r\n\r\n<p><strong>Actualment (any 2025), per demanar el perm\u00eds d&#8217;estacionament a Barcelona ciutat cal abonar una taxa de 44,20 euros en concepte de despeses de tramitaci\u00f3 municipal i una segona taxa variable en concepte d&#8217;ocupaci\u00f3 de la via p\u00fablica.<\/strong><\/p>\r\n\r\n\r\n\r\n<p>La primera taxa s&#8217; ha de pagar per anticipat per poder demanar el perm\u00eds d&#8217; ocupaci\u00f3 de la Via P\u00fablica, ja que si no adjuntar el comprovant de pagament el perm\u00eds es denega autom\u00e0ticament.<\/p>\r\n\r\n\r\n\r\n<p>En el cas de la segona taxa, \u00e9s important saber que el seu cost es calcula en funci\u00f3 del tipus de carrer, superf\u00edcie d&#8217; ocupaci\u00f3, les hores necess\u00e0ries i un factor corrector municipal. Els assessors de Mudances Control li oferiran un c\u00e0lcul aproximat previ a la mudan\u00e7a i un cop rebut el perm\u00eds on s&#8217; indica aquest import, li farem arribar una c\u00f2pia. La nostra gesti\u00f3 sempre ser\u00e0 gratu\u00efta, per\u00f2 les taxes les haur\u00e0 d&#8217;abonar el client.<\/p>\r\n\r\n\r\n\r\n<p>El proc\u00e9s de sol\u00b7licitud del perm\u00eds requereix, a m\u00e9s del justificant de pagament de la taxa, la documentaci\u00f3 completa dels vehicles amb els quals es realitzar\u00e0 el servei i el rebut de pagament corresponent a l&#8217;asseguran\u00e7a de responsabilitat civil de l&#8217;empresa de mudances. Un cop presentat el tr\u00e0mit, el servei t\u00e8cnic del districte estudiar\u00e0 la seva viabilitat i contestar\u00e0 de manera afirmativa o negativa.<\/p>\r\n\r\n\r\n\r\n<h4 class=\"wp-block-heading\">Perm\u00eds anul\u00b7lat o denegat<\/h4>\r\n\r\n\r\n\r\n<p>En el cas d&#8217;anul\u00b7laci\u00f3 o denegaci\u00f3 de la sol\u00b7licitud l&#8217;import de l&#8217;autoliquidaci\u00f3 pagada (43,99\u20ac) no ser\u00e0 retornat, en entendre&#8217;s que aquest cost ha de cobrir el treball realitzat pel t\u00e8cnic municipal per a atendre la sol\u00b7licitud.<\/p>\r\n\r\n\r\n\r\n<h4 class=\"wp-block-heading\">El dia de la mudan\u00e7a<\/h4>\r\n\r\n\r\n\r\n<p>Durant el desenvolupament dels treballs l&#8217; empresa de mudances s&#8217; ha d&#8217; ocupar de la correcta senyalitzaci\u00f3 de la zona de treball per evitar danys als transe\u00fcnts. Aix\u00f2 inclou tant la senyalitzaci\u00f3 del vehicle com les zones de pas.<\/p>\r\n\r\n\r\n\r\n<h4 class=\"wp-block-heading\">Altres consultes habituals<\/h4>\r\n\r\n\r\n\r\n<p>Consultes molt habituals que ens fan els nostres clients fan refer\u00e8ncia a l&#8217;estacionament a les zones de c\u00e0rrega i desc\u00e0rrega, als carrils bici o a la vorera.<\/p>\r\n\r\n\r\n\r\n<p>A les <strong>zones de c\u00e0rrega i desc\u00e0rrega<\/strong> es permet estacionar de manera gratu\u00efta per un m\u00e0xim de trenta minuts. Com que un servei de mudan\u00e7a normalment requereix m\u00e9s temps, caldr\u00e0 demanar el perm\u00eds de mudances.<\/p>\r\n\r\n\r\n\r\n<p><strong>Est\u00e0 terminantment prohibit estacionar en els carrils bici o en la vorera,<\/strong> sent aquesta normativa d&#8217; aplicaci\u00f3 per a qualsevol vehicle a motor. En el cas de les voreres es pot demanar perm\u00eds per a la col\u00b7locaci\u00f3 de m\u00e0quines elevadores de tipus remolc o elevadors port\u00e0tils que no van muntats sobre vehicle.<\/p>\r\n\r\n\r\n\r\n<p>Per a m\u00e9s informaci\u00f3 pot visitar el seg\u00fcent enlla\u00e7 a la p\u00e0gina de l&#8217;Ajuntament de Barcelona:<\/p>\r\n\r\n\r\n\r\n<p><a href=\"https:\/\/seuelectronica.ajuntament.barcelona.cat\/oficinavirtual\/es\/tramit\/20240001679\" target=\"_blank\" rel=\"noreferrer noopener\"><strong>Perm\u00eds d&#8217; ocupaci\u00f3 de l&#8217; espai p\u00fablic per a mudances<\/strong><\/a><\/p>\r\n\r\n\r\n\r\n<div class=\"wp-block-spacer\" style=\"height: 52px;\" aria-hidden=\"true\">\u00a0<\/div>\r\n","protected":false},"excerpt":{"rendered":"<p>Permisos d&#8217; estacionament per a mudances A l&#8217; hora de realitzar una mudan\u00e7a \u00e9s important trobar una ubicaci\u00f3 a prop del portal on estacionar el cami\u00f3 o camions i eventualment la plataforma elevadora. Per aix\u00f2, en la majoria de casos&hellip;<\/p>\n","protected":false},"author":5,"featured_media":2583,"parent":0,"menu_order":0,"comment_status":"closed","ping_status":"closed","template":"","meta":{"footnotes":""},"class_list":["post-5711","page","type-page","status-publish","has-post-thumbnail","hentry"],"yoast_head":"<!-- This site is optimized with the Yoast SEO Premium plugin v27.1 (Yoast SEO v27.1.1) - https:\/\/yoast.com\/product\/yoast-seo-premium-wordpress\/ -->\n<title>Sol\u00b7licitar perm\u00eds mudan\u00e7a Barcelona - Com i On?<\/title>\n<meta name=\"description\" content=\"Per fer una mudan\u00e7a a Barcelona cal demanar un perm\u00eds per a mudances. Aqu\u00ed li expliquem com fer-ho.\" \/>\n<meta name=\"robots\" content=\"index, follow, max-snippet:-1, max-image-preview:large, max-video-preview:-1\" \/>\n<link rel=\"canonical\" href=\"https:\/\/www.mudanzascontrol.com\/ca\/permis-de-mudanca-a-barcelona\/\" \/>\n<meta property=\"og:locale\" content=\"ca_ES\" \/>\n<meta property=\"og:type\" content=\"article\" \/>\n<meta property=\"og:title\" content=\"Perm\u00eds de mudan\u00e7a a Barcelona\" \/>\n<meta property=\"og:description\" content=\"Permisos d&#039; estacionament per a mudances A l&#039; hora de realitzar una mudan\u00e7a \u00e9s important trobar una ubicaci\u00f3 a prop del portal on estacionar el cami\u00f3 o\" \/>\n<meta property=\"og:url\" content=\"https:\/\/www.mudanzascontrol.com\/ca\/permis-de-mudanca-a-barcelona\/\" \/>\n<meta property=\"og:site_name\" content=\"Mudanzas Control\" \/>\n<meta property=\"article:publisher\" content=\"https:\/\/es-es.facebook.com\/MudanzasControl\/\" \/>\n<meta property=\"og:image\" content=\"https:\/\/www.mudanzascontrol.com\/wp-content\/uploads\/2019\/05\/IMG_3805-1.jpg\" \/>\n\t<meta property=\"og:image:width\" content=\"1580\" \/>\n\t<meta property=\"og:image:height\" content=\"850\" \/>\n\t<meta property=\"og:image:type\" content=\"image\/jpeg\" \/>\n<meta name=\"twitter:card\" content=\"summary_large_image\" \/>\n<meta name=\"twitter:site\" content=\"@MudanzasControl\" \/>\n<meta name=\"twitter:label1\" content=\"Temps estimat de lectura\" \/>\n\t<meta name=\"twitter:data1\" content=\"3 minuts\" \/>\n<script type=\"application\/ld+json\" class=\"yoast-schema-graph\">{\"@context\":\"https:\/\/schema.org\",\"@graph\":[{\"@type\":\"WebPage\",\"@id\":\"https:\/\/www.mudanzascontrol.com\/ca\/permis-de-mudanca-a-barcelona\/\",\"url\":\"https:\/\/www.mudanzascontrol.com\/ca\/permis-de-mudanca-a-barcelona\/\",\"name\":\"Sol\u00b7licitar perm\u00eds mudan\u00e7a Barcelona - Com i On?\",\"isPartOf\":{\"@id\":\"https:\/\/www.mudanzascontrol.com\/#website\"},\"primaryImageOfPage\":{\"@id\":\"https:\/\/www.mudanzascontrol.com\/ca\/permis-de-mudanca-a-barcelona\/#primaryimage\"},\"image\":{\"@id\":\"https:\/\/www.mudanzascontrol.com\/ca\/permis-de-mudanca-a-barcelona\/#primaryimage\"},\"thumbnailUrl\":\"https:\/\/www.mudanzascontrol.com\/wp-content\/uploads\/2019\/04\/permiso-mudanza.jpg\",\"datePublished\":\"2025-03-22T21:09:25+00:00\",\"description\":\"Per fer una mudan\u00e7a a Barcelona cal demanar un perm\u00eds per a mudances. Aqu\u00ed li expliquem com fer-ho.\",\"breadcrumb\":{\"@id\":\"https:\/\/www.mudanzascontrol.com\/ca\/permis-de-mudanca-a-barcelona\/#breadcrumb\"},\"inLanguage\":\"ca\",\"potentialAction\":[{\"@type\":\"ReadAction\",\"target\":[\"https:\/\/www.mudanzascontrol.com\/ca\/permis-de-mudanca-a-barcelona\/\"]}]},{\"@type\":\"ImageObject\",\"inLanguage\":\"ca\",\"@id\":\"https:\/\/www.mudanzascontrol.com\/ca\/permis-de-mudanca-a-barcelona\/#primaryimage\",\"url\":\"https:\/\/www.mudanzascontrol.com\/wp-content\/uploads\/2019\/04\/permiso-mudanza.jpg\",\"contentUrl\":\"https:\/\/www.mudanzascontrol.com\/wp-content\/uploads\/2019\/04\/permiso-mudanza.jpg\",\"width\":550,\"height\":296,\"caption\":\"permiso estacionamiento mudanzas barcelona\"},{\"@type\":\"BreadcrumbList\",\"@id\":\"https:\/\/www.mudanzascontrol.com\/ca\/permis-de-mudanca-a-barcelona\/#breadcrumb\",\"itemListElement\":[{\"@type\":\"ListItem\",\"position\":1,\"name\":\"Portada\",\"item\":\"https:\/\/www.mudanzascontrol.com\/ca\/inicio\/\"},{\"@type\":\"ListItem\",\"position\":2,\"name\":\"Perm\u00eds de mudan\u00e7a a Barcelona\"}]},{\"@type\":\"WebSite\",\"@id\":\"https:\/\/www.mudanzascontrol.com\/#website\",\"url\":\"https:\/\/www.mudanzascontrol.com\/\",\"name\":\"Mudanzas Control\",\"description\":\"Empresa de Mudanzas en Barcelona\",\"publisher\":{\"@id\":\"https:\/\/www.mudanzascontrol.com\/#organization\"},\"alternateName\":\"CONTROL Mudanzas Barcelona\",\"potentialAction\":[{\"@type\":\"SearchAction\",\"target\":{\"@type\":\"EntryPoint\",\"urlTemplate\":\"https:\/\/www.mudanzascontrol.com\/?s={search_term_string}\"},\"query-input\":{\"@type\":\"PropertyValueSpecification\",\"valueRequired\":true,\"valueName\":\"search_term_string\"}}],\"inLanguage\":\"ca\"},{\"@type\":\"Organization\",\"@id\":\"https:\/\/www.mudanzascontrol.com\/#organization\",\"name\":\"CONTROL Mudanzas\",\"url\":\"https:\/\/www.mudanzascontrol.com\/\",\"logo\":{\"@type\":\"ImageObject\",\"inLanguage\":\"ca\",\"@id\":\"https:\/\/www.mudanzascontrol.com\/#\/schema\/logo\/image\/\",\"url\":\"https:\/\/www.mudanzascontrol.com\/wp-content\/uploads\/2019\/08\/Control-Mudanzas-Barcelona.jpg\",\"contentUrl\":\"https:\/\/www.mudanzascontrol.com\/wp-content\/uploads\/2019\/08\/Control-Mudanzas-Barcelona.jpg\",\"width\":500,\"height\":125,\"caption\":\"CONTROL Mudanzas\"},\"image\":{\"@id\":\"https:\/\/www.mudanzascontrol.com\/#\/schema\/logo\/image\/\"},\"sameAs\":[\"https:\/\/es-es.facebook.com\/MudanzasControl\/\",\"https:\/\/x.com\/MudanzasControl\",\"https:\/\/www.instagram.com\/mudanzascontrol\/\",\"https:\/\/www.linkedin.com\/company\/control-mudanzas-sl\",\"https:\/\/www.pinterest.es\/mudanzascontrol\/\",\"https:\/\/www.youtube.com\/user\/Guardamuebles1\"],\"description\":\"Empresa de mudanzas ubicada en Barcelona\",\"email\":\"comercial@mudanzascontrol.com\",\"telephone\":\"933340100\",\"legalName\":\"CONSORCIO DE TRANSITO Y ORGANIZACI\u00d3N LOG\u00cdSTICA EN MUDANZAS, SLU\",\"vatID\":\"B61104253\",\"taxID\":\"B61104253\",\"numberOfEmployees\":{\"@type\":\"QuantitativeValue\",\"minValue\":\"11\",\"maxValue\":\"50\"}}]}<\/script>\n<!-- \/ Yoast SEO Premium plugin. -->","yoast_head_json":{"title":"Sol\u00b7licitar perm\u00eds mudan\u00e7a Barcelona - Com i On?","description":"Per fer una mudan\u00e7a a Barcelona cal demanar un perm\u00eds per a mudances. Aqu\u00ed li expliquem com fer-ho.","robots":{"index":"index","follow":"follow","max-snippet":"max-snippet:-1","max-image-preview":"max-image-preview:large","max-video-preview":"max-video-preview:-1"},"canonical":"https:\/\/www.mudanzascontrol.com\/ca\/permis-de-mudanca-a-barcelona\/","og_locale":"ca_ES","og_type":"article","og_title":"Perm\u00eds de mudan\u00e7a a Barcelona","og_description":"Permisos d' estacionament per a mudances A l' hora de realitzar una mudan\u00e7a \u00e9s important trobar una ubicaci\u00f3 a prop del portal on estacionar el cami\u00f3 o","og_url":"https:\/\/www.mudanzascontrol.com\/ca\/permis-de-mudanca-a-barcelona\/","og_site_name":"Mudanzas Control","article_publisher":"https:\/\/es-es.facebook.com\/MudanzasControl\/","og_image":[{"width":1580,"height":850,"url":"https:\/\/www.mudanzascontrol.com\/wp-content\/uploads\/2019\/05\/IMG_3805-1.jpg","type":"image\/jpeg"}],"twitter_card":"summary_large_image","twitter_site":"@MudanzasControl","twitter_misc":{"Temps estimat de lectura":"3 minuts"},"schema":{"@context":"https:\/\/schema.org","@graph":[{"@type":"WebPage","@id":"https:\/\/www.mudanzascontrol.com\/ca\/permis-de-mudanca-a-barcelona\/","url":"https:\/\/www.mudanzascontrol.com\/ca\/permis-de-mudanca-a-barcelona\/","name":"Sol\u00b7licitar perm\u00eds mudan\u00e7a Barcelona - Com i On?","isPartOf":{"@id":"https:\/\/www.mudanzascontrol.com\/#website"},"primaryImageOfPage":{"@id":"https:\/\/www.mudanzascontrol.com\/ca\/permis-de-mudanca-a-barcelona\/#primaryimage"},"image":{"@id":"https:\/\/www.mudanzascontrol.com\/ca\/permis-de-mudanca-a-barcelona\/#primaryimage"},"thumbnailUrl":"https:\/\/www.mudanzascontrol.com\/wp-content\/uploads\/2019\/04\/permiso-mudanza.jpg","datePublished":"2025-03-22T21:09:25+00:00","description":"Per fer una mudan\u00e7a a Barcelona cal demanar un perm\u00eds per a mudances. Aqu\u00ed li expliquem com fer-ho.","breadcrumb":{"@id":"https:\/\/www.mudanzascontrol.com\/ca\/permis-de-mudanca-a-barcelona\/#breadcrumb"},"inLanguage":"ca","potentialAction":[{"@type":"ReadAction","target":["https:\/\/www.mudanzascontrol.com\/ca\/permis-de-mudanca-a-barcelona\/"]}]},{"@type":"ImageObject","inLanguage":"ca","@id":"https:\/\/www.mudanzascontrol.com\/ca\/permis-de-mudanca-a-barcelona\/#primaryimage","url":"https:\/\/www.mudanzascontrol.com\/wp-content\/uploads\/2019\/04\/permiso-mudanza.jpg","contentUrl":"https:\/\/www.mudanzascontrol.com\/wp-content\/uploads\/2019\/04\/permiso-mudanza.jpg","width":550,"height":296,"caption":"permiso estacionamiento mudanzas barcelona"},{"@type":"BreadcrumbList","@id":"https:\/\/www.mudanzascontrol.com\/ca\/permis-de-mudanca-a-barcelona\/#breadcrumb","itemListElement":[{"@type":"ListItem","position":1,"name":"Portada","item":"https:\/\/www.mudanzascontrol.com\/ca\/inicio\/"},{"@type":"ListItem","position":2,"name":"Perm\u00eds de mudan\u00e7a a Barcelona"}]},{"@type":"WebSite","@id":"https:\/\/www.mudanzascontrol.com\/#website","url":"https:\/\/www.mudanzascontrol.com\/","name":"Mudanzas Control","description":"Empresa de Mudanzas en Barcelona","publisher":{"@id":"https:\/\/www.mudanzascontrol.com\/#organization"},"alternateName":"CONTROL Mudanzas Barcelona","potentialAction":[{"@type":"SearchAction","target":{"@type":"EntryPoint","urlTemplate":"https:\/\/www.mudanzascontrol.com\/?s={search_term_string}"},"query-input":{"@type":"PropertyValueSpecification","valueRequired":true,"valueName":"search_term_string"}}],"inLanguage":"ca"},{"@type":"Organization","@id":"https:\/\/www.mudanzascontrol.com\/#organization","name":"CONTROL Mudanzas","url":"https:\/\/www.mudanzascontrol.com\/","logo":{"@type":"ImageObject","inLanguage":"ca","@id":"https:\/\/www.mudanzascontrol.com\/#\/schema\/logo\/image\/","url":"https:\/\/www.mudanzascontrol.com\/wp-content\/uploads\/2019\/08\/Control-Mudanzas-Barcelona.jpg","contentUrl":"https:\/\/www.mudanzascontrol.com\/wp-content\/uploads\/2019\/08\/Control-Mudanzas-Barcelona.jpg","width":500,"height":125,"caption":"CONTROL Mudanzas"},"image":{"@id":"https:\/\/www.mudanzascontrol.com\/#\/schema\/logo\/image\/"},"sameAs":["https:\/\/es-es.facebook.com\/MudanzasControl\/","https:\/\/x.com\/MudanzasControl","https:\/\/www.instagram.com\/mudanzascontrol\/","https:\/\/www.linkedin.com\/company\/control-mudanzas-sl","https:\/\/www.pinterest.es\/mudanzascontrol\/","https:\/\/www.youtube.com\/user\/Guardamuebles1"],"description":"Empresa de mudanzas ubicada en Barcelona","email":"comercial@mudanzascontrol.com","telephone":"933340100","legalName":"CONSORCIO DE TRANSITO Y ORGANIZACI\u00d3N LOG\u00cdSTICA EN MUDANZAS, SLU","vatID":"B61104253","taxID":"B61104253","numberOfEmployees":{"@type":"QuantitativeValue","minValue":"11","maxValue":"50"}}]}},"_links":{"self":[{"href":"https:\/\/www.mudanzascontrol.com\/ca\/wp-json\/wp\/v2\/pages\/5711","targetHints":{"allow":["GET"]}}],"collection":[{"href":"https:\/\/www.mudanzascontrol.com\/ca\/wp-json\/wp\/v2\/pages"}],"about":[{"href":"https:\/\/www.mudanzascontrol.com\/ca\/wp-json\/wp\/v2\/types\/page"}],"author":[{"embeddable":true,"href":"https:\/\/www.mudanzascontrol.com\/ca\/wp-json\/wp\/v2\/users\/5"}],"replies":[{"embeddable":true,"href":"https:\/\/www.mudanzascontrol.com\/ca\/wp-json\/wp\/v2\/comments?post=5711"}],"version-history":[{"count":0,"href":"https:\/\/www.mudanzascontrol.com\/ca\/wp-json\/wp\/v2\/pages\/5711\/revisions"}],"wp:featuredmedia":[{"embeddable":true,"href":"https:\/\/www.mudanzascontrol.com\/ca\/wp-json\/wp\/v2\/media\/2583"}],"wp:attachment":[{"href":"https:\/\/www.mudanzascontrol.com\/ca\/wp-json\/wp\/v2\/media?parent=5711"}],"curies":[{"name":"wp","href":"https:\/\/api.w.org\/{rel}","templated":true}]}}