{"id":6378,"date":"2019-05-21T19:52:00","date_gmt":"2019-05-21T18:52:00","guid":{"rendered":"https:\/\/www.mudanzascontrol.com\/politica-de-cookies\/"},"modified":"2019-05-21T19:52:00","modified_gmt":"2019-05-21T18:52:00","slug":"politica-de-cookies","status":"publish","type":"page","link":"https:\/\/www.mudanzascontrol.com\/ca\/politica-de-cookies\/","title":{"rendered":"Pol\u00edtica de Cookies"},"content":{"rendered":"<h1><strong><u>Pol\u00edtica de cookies<\/u><\/strong><\/h1>\n<p>Consorci de Tr\u00e0nsit i Organitzaci\u00f3 Log\u00edstica a Mudances, S.L.U. informa sobre l&#8217;\u00fas de les cookies a la seva p\u00e0gina web: www.mudanzascontrol.com<\/p>\n<h2>Qu\u00e8 s\u00f3n les cookies?<\/h2>\n<p>Les cookies s\u00f3n arxius que es poden descarregar al seu equip a trav\u00e9s de les p\u00e0gines web. S\u00f3n eines que tenen un paper essencial per a la prestaci\u00f3 de nombrosos serveis de la societat de la informaci\u00f3. Entre d&#8217;altres, permeten a una p\u00e0gina web emmagatzemar i recuperar informaci\u00f3 sobre els h\u00e0bits de navegaci\u00f3 d&#8217;un usuari o del seu equip i, depenent de la informaci\u00f3 obtinguda, es poden utilitzar per recon\u00e8ixer l&#8217;usuari i millorar el servei ofert.  <\/p>\n<h3>Tipus de cookies<\/h3>\n<p>Segons qui sigui l&#8217;entitat que gestioni el domini des d&#8217;on s&#8217;envien les cookies i tracti les dades que s&#8217;obtinguin es poden distingir dos tipus:<\/p>\n<p><strong>Cookies pr\u00f2pies<\/strong>: Aquelles que s&#8217;envien a l&#8217;equip terminal de l&#8217;usuari des d&#8217;un equip o domini gestionat pel propi editor i des del qual es presta el servei sol\u00b7licitat per l&#8217;usuari.<\/p>\n<p>Cookies de tercers: Aquelles que s&#8217;envien a l&#8217;equip terminal de l&#8217;usuari des d&#8217;un equip o domini que no \u00e9s gestionat per l&#8217;editor, sin\u00f3 per una altra entitat que tracta les dades obtingudes a trav\u00e9s de les cookies.<\/p>\n<p>En el cas que les cookies siguin instal\u00b7lades des d&#8217;un equip o domini gestionat pel mateix editor per\u00f2 la informaci\u00f3 que es reculli mitjan\u00e7ant aquestes sigui gestionada per un tercer, no poden ser considerades com a cookies pr\u00f2pies.<\/p>\n<p>Existeix tamb\u00e9 una segona classificaci\u00f3 segons el termini de temps que romanen emmagatzemades en el navegador del client, podent tractar-se de:<\/p>\n<p><strong>Cookies de sessi\u00f3:<\/strong> Dissenyades per recaptar i emmagatzemar dades mentre l&#8217;usuari accedeix a una p\u00e0gina web. Se solen emprar per emmagatzemar informaci\u00f3 que nom\u00e9s interessa conservar per a la prestaci\u00f3 del servei sol\u00b7licitat per l&#8217;usuari en una sola ocasi\u00f3 (p.e. una llista de productes adquirits). <\/p>\n<p><strong>Cookies persistents:<\/strong> Les dades segueixen emmagatzemades al terminal i poden ser accedides i tractades durant un per\u00edode definit pel responsable de la cookie, i que pot anar d&#8217;uns minuts a diversos anys.<\/p>\n<p>Finalment, hi ha una altra classificaci\u00f3 amb sis tipus de cookies segons la finalitat per a la qual es tractin les dades obtingudes:<\/p>\n<p><strong>Cookies t\u00e8cniques<\/strong>: Aquelles que permeten a l&#8217;usuari la navegaci\u00f3 a trav\u00e9s d&#8217;una p\u00e0gina web, plataforma o aplicaci\u00f3 i la utilitzaci\u00f3 de les diferents opcions o serveis que hi hagi com, per exemple, controlar el tr\u00e0nsit i la comunicaci\u00f3 de dades, identificar la sessi\u00f3, accedir a parts d&#8217;acc\u00e9s restringit, recordar els elements que integren una comanda,  realitzar el proc\u00e9s de compra d&#8217;una comanda, realitzar la sol\u00b7licitud d&#8217;inscripci\u00f3 o participaci\u00f3 en un esdeveniment, utilitzar elements de seguretat durant la navegaci\u00f3, emmagatzemar continguts per a la difusi\u00f3 de v\u00eddeos o so o compartir continguts a trav\u00e9s de xarxes socials.<\/p>\n<p><strong>Cookies de personalitzaci\u00f3:<\/strong> Permeten a l&#8217; usuari accedir al servei amb algunes caracter\u00edstiques de car\u00e0cter general predefinides en funci\u00f3 d&#8217; una s\u00e8rie de criteris en el terminal de l&#8217; usuari com per exemple serien l&#8217; idioma, el tipus de navegador a trav\u00e9s del qual accedeix al servei, la configuraci\u00f3 regional des d&#8217; on accedeix al servei, etc.<\/p>\n<p><strong>Cookies d&#8217; an\u00e0lisi:<\/strong> Permeten al responsable de les mateixes, el seguiment i an\u00e0lisi del comportament dels usuaris dels llocs web als quals estan vinculades. La informaci\u00f3 recollida mitjan\u00e7ant aquest tipus de cookies s&#8217;utilitza en el mesurament de l&#8217;activitat dels llocs web, aplicaci\u00f3 o plataforma i per a l&#8217;elaboraci\u00f3 de perfils de navegaci\u00f3 dels usuaris d&#8217;aquests llocs, aplicacions i plataformes, per tal d&#8217;introduir millores en funci\u00f3 de l&#8217;an\u00e0lisi de les dades d&#8217;\u00fas que fan els usuaris del servei. <\/p>\n<p><strong>Cookies publicit\u00e0ries:<\/strong> Permeten la gesti\u00f3, de la forma m\u00e9s efica\u00e7 possible, dels espais publicitaris.<\/p>\n<p>Cookies de publicitat comportamental: Emmagatzemen informaci\u00f3 del comportament dels usuaris obtinguda a trav\u00e9s de l&#8217;observaci\u00f3 continuada dels seus h\u00e0bits de navegaci\u00f3, la qual cosa permet desenvolupar un perfil espec\u00edfic per mostrar publicitat en funci\u00f3 del mateix.<\/p>\n<p><strong>Cookies de xarxes socials externes:<\/strong> S&#8217;utilitzen perqu\u00e8 els visitants puguin interactuar amb el contingut de diferents plataformes socials (facebook, youtube, twitter, linkedIn, etc..) i que es generin \u00fanicament per als usuaris d&#8217;aquestes xarxes socials. Les condicions d&#8217;utilitzaci\u00f3 d&#8217;aquestes cookies i la informaci\u00f3 recopilada es regula per la pol\u00edtica de privacitat de la plataforma social corresponent. <\/p>\n<h3>Desactivaci\u00f3 i eliminaci\u00f3 de cookies<\/h3>\n<p>Tens l&#8217;opci\u00f3 de permetre, bloquejar o eliminar les cookies instal\u00b7lades al teu equip mitjan\u00e7ant la configuraci\u00f3 de les opcions del navegador instal\u00b7lat al seu equip. En desactivar cookies, alguns dels serveis disponibles podrien deixar d&#8217;estar operatius. La forma de deshabilitar les cookies \u00e9s diferent per a cada navegador, per\u00f2 normalment es pot fer des del men\u00fa Eines o Opcions. Tamb\u00e9 es pot consultar el men\u00fa d&#8217;Ajuda del navegador on pots trobar instruccions. L&#8217;usuari podr\u00e0 en qualsevol moment triar quines cookies vol que funcionin en aquest lloc web.    <\/p>\n<p>Pot vost\u00e8 permetre, bloquejar o eliminar les cookies instal\u00b7lades en el seu equip mitjan\u00e7ant la configuraci\u00f3 de les opcions del navegador instal\u00b7lat al seu ordinador:<\/p>\n<p>Microsoft Internet Explorer o Microsoft Edge: http:\/\/windows.microsoft.com\/es-es\/windows-vista\/Block-or-allow-cookies<\/p>\n<p>Mozilla Firefox: http:\/\/support.mozilla.org\/es\/kb\/impedir-que-los-sitios-web-guarden-sus-preferencia<\/p>\n<p>Chrome: https:\/\/support.google.com\/accounts\/answer\/61416?hl=es<\/p>\n<p>Safari: http:\/\/safari.helpmax.net\/es\/privacidad-y-seguridad\/como-gestionar-las-cookies\/<\/p>\n<p>Opera: http:\/\/help.opera.com\/Linux\/10.60\/es-ES\/cookies.html<\/p>\n<p>A m\u00e9s, tamb\u00e9 pot gestionar el magatzem de cookies al seu navegador a trav\u00e9s d&#8217;eines com les seg\u00fcents:<\/p>\n<p>Ghostery: www.ghostery.com<\/p>\n<p>Your Online Choices: www.youronlinechoices.com\/es\/<\/p>\n<p>Cookies utilitzades en www.mudanzascontrol.com<\/p>\n<p>A continuaci\u00f3 s&#8217;identifiquen les cookies que estan sent utilitzades en aquest portal aix\u00ed com la seva tipologia i funci\u00f3:<\/p>\n<p>_ga<\/p>\n<p>Durada: 2 anys<\/p>\n<p>Descripci\u00f3: Serveix per distingir els usuaris. Generada per Google Analytics. Google emmagatzema la informaci\u00f3 recollida per les cookies en servidors ubicats als Estats Units, complint amb la legislaci\u00f3 Europea quant a protecci\u00f3 de dades personals i es compromet a no compartir-la amb tercers, excepte quan la llei l&#8217;obligui a aix\u00f2 o sigui necessari per al funcionament del sistema. Google no associa la seva adre\u00e7a IP amb cap altra informaci\u00f3 que tingui. Si desitja obtenir m\u00e9s informacions sobre les cookies usades per Google Analytics, per favor accedeixi a aquesta adre\u00e7a: https:\/\/developers.google.com\/analytics\/devguides\/collection\/analyticsjs\/cookie-usage?hl=es&amp;csw=1    <\/p>\n<p>Tipus: Tercer<\/p>\n<p>Finalitat: Anal\u00edtica<\/p>\n<p>_gat<\/p>\n<p>Durada: 1 minut<\/p>\n<p>Descripci\u00f3: Utilitzada per mostrar la nostra publicitat en altres p\u00e0gines de la xarxa de Google. Generada per Google Analytics. Google emmagatzema la informaci\u00f3 recollida per les cookies en servidors ubicats als Estats Units, complint amb la legislaci\u00f3 Europea quant a protecci\u00f3 de dades personals i es compromet a no compartir-la amb tercers, excepte quan la llei l&#8217;obligui a aix\u00f2 o sigui necessari per al funcionament del sistema. Google no associa la seva adre\u00e7a IP amb cap altra informaci\u00f3 que tingui. Si desitja obtenir m\u00e9s informacions sobre les cookies usades per Google Analytics, per favor accedeixi a aquesta adre\u00e7a: https:\/\/developers.google.com\/analytics\/devguides\/collection\/analyticsjs\/cookie-usage?hl=es&amp;csw=1    <\/p>\n<p>Tipus: Tercer<\/p>\n<p>Finalitat: Publicitat comportamental<\/p>\n<p>_gid<\/p>\n<p>Durada: 24 hores<\/p>\n<p>Descripci\u00f3: Generada per Google Analytics. Google emmagatzema la informaci\u00f3 recollida per les cookies en servidors ubicats als Estats Units, complint amb la legislaci\u00f3 Europea quant a protecci\u00f3 de dades personals i es compromet a no compartir-la amb tercers, excepte quan la llei l&#8217;obligui a aix\u00f2 o sigui necessari per al funcionament del sistema. Google no associa la seva adre\u00e7a IP amb cap altra informaci\u00f3 que tingui. Si desitja obtenir m\u00e9s informacions sobre les cookies usades per Google Analytics, per favor accedeixi a aquesta adre\u00e7a: https:\/\/developers.google.com\/analytics\/devguides\/collection\/analyticsjs\/cookie-usage?hl=es&amp;csw   <\/p>\n<p>Tipus: Tercer<\/p>\n<p>Finalitat: Publicitat comportamental<\/p>\n<p>_gac_<\/p>\n<p>Durada: 90 dies<\/p>\n<p>Descripci\u00f3: Inclou informaci\u00f3 de la campanya relativa a l&#8217; usuari. Si has vinculat els teus comptes de Google Analytics i AdWords, les etiquetes de conversi\u00f3 de llocs web llegiran aquesta cookie, llevat que la inhabilitis <\/p>\n<p>Tipus: Tercer<\/p>\n<p>Finalitat: Anal\u00edtica<\/p>\n<p>www.mudanzascontrol.com mostra informaci\u00f3 sobre la seva Pol\u00edtica de cookies a la part inferior o superior de qualsevol p\u00e0gina del portal amb cada inici de sessi\u00f3.<\/p>\n<p>Davant d&#8217; aquesta informaci\u00f3 \u00e9s possible dur a terme les accions seg\u00fcents:<\/p>\n<p>Acceptar cookies: No es tornar\u00e0 a visualitzar aquest av\u00eds en accedir a qualsevol p\u00e0gina del portal durant la present sessi\u00f3.<\/p>\n<p>Modificar\/personalitzar la seva configuraci\u00f3: Podr\u00e0 obtenir m\u00e9s informaci\u00f3 sobre qu\u00e8 s\u00f3n les cookies, con\u00e8ixer la Pol\u00edtica de cookies de: www.mudanzascontrol.com i modificar la configuraci\u00f3 del seu navegador.<\/p>\n","protected":false},"excerpt":{"rendered":"<p>Pol\u00edtica de cookies Consorci de Tr\u00e0nsit i Organitzaci\u00f3 Log\u00edstica a Mudances, S.L.U. informa sobre l&#8217;\u00fas de les cookies a la seva p\u00e0gina web: www.mudanzascontrol.com Qu\u00e8 s\u00f3n les cookies? Les cookies s\u00f3n arxius que es poden descarregar al seu equip a&hellip;<\/p>\n","protected":false},"author":5,"featured_media":0,"parent":0,"menu_order":0,"comment_status":"closed","ping_status":"closed","template":"","meta":{"footnotes":""},"class_list":["post-6378","page","type-page","status-publish","hentry"],"yoast_head":"<!-- This site is optimized with the Yoast SEO Premium plugin v27.1 (Yoast SEO v27.1.1) - https:\/\/yoast.com\/product\/yoast-seo-premium-wordpress\/ -->\n<title>Pol\u00edtica de Cookies | Mudanzas Control<\/title>\n<meta name=\"robots\" content=\"noindex, nofollow\" \/>\n<meta property=\"og:locale\" content=\"ca_ES\" \/>\n<meta property=\"og:type\" content=\"article\" \/>\n<meta property=\"og:title\" content=\"Pol\u00edtica de Cookies\" \/>\n<meta property=\"og:description\" content=\"Pol\u00edtica de cookies Consorci de Tr\u00e0nsit i Organitzaci\u00f3 Log\u00edstica a Mudances, S.L.U. informa sobre l&#039;\u00fas de les cookies a la seva p\u00e0gina web:\" \/>\n<meta property=\"og:url\" content=\"https:\/\/www.mudanzascontrol.com\/ca\/politica-de-cookies\/\" \/>\n<meta property=\"og:site_name\" content=\"Mudanzas Control\" \/>\n<meta property=\"article:publisher\" content=\"https:\/\/es-es.facebook.com\/MudanzasControl\/\" \/>\n<meta property=\"og:image\" content=\"https:\/\/www.mudanzascontrol.com\/wp-content\/uploads\/2019\/05\/Mudanzas-Barcelona-Control-1.jpg\" \/>\n\t<meta property=\"og:image:width\" content=\"3780\" \/>\n\t<meta property=\"og:image:height\" content=\"2530\" \/>\n\t<meta property=\"og:image:type\" content=\"image\/jpeg\" \/>\n<meta name=\"twitter:card\" content=\"summary_large_image\" \/>\n<meta name=\"twitter:site\" content=\"@MudanzasControl\" \/>\n<meta name=\"twitter:label1\" content=\"Temps estimat de lectura\" \/>\n\t<meta name=\"twitter:data1\" content=\"7 minuts\" \/>\n<script type=\"application\/ld+json\" class=\"yoast-schema-graph\">{\"@context\":\"https:\/\/schema.org\",\"@graph\":[{\"@type\":\"WebPage\",\"@id\":\"https:\/\/www.mudanzascontrol.com\/ca\/politica-de-cookies\/\",\"url\":\"https:\/\/www.mudanzascontrol.com\/ca\/politica-de-cookies\/\",\"name\":\"Pol\u00edtica de Cookies | Mudanzas Control\",\"isPartOf\":{\"@id\":\"https:\/\/www.mudanzascontrol.com\/#website\"},\"datePublished\":\"2019-05-21T18:52:00+00:00\",\"breadcrumb\":{\"@id\":\"https:\/\/www.mudanzascontrol.com\/ca\/politica-de-cookies\/#breadcrumb\"},\"inLanguage\":\"ca\",\"potentialAction\":[{\"@type\":\"ReadAction\",\"target\":[\"https:\/\/www.mudanzascontrol.com\/ca\/politica-de-cookies\/\"]}]},{\"@type\":\"BreadcrumbList\",\"@id\":\"https:\/\/www.mudanzascontrol.com\/ca\/politica-de-cookies\/#breadcrumb\",\"itemListElement\":[{\"@type\":\"ListItem\",\"position\":1,\"name\":\"Portada\",\"item\":\"https:\/\/www.mudanzascontrol.com\/ca\/inicio\/\"},{\"@type\":\"ListItem\",\"position\":2,\"name\":\"Pol\u00edtica de Cookies\"}]},{\"@type\":\"WebSite\",\"@id\":\"https:\/\/www.mudanzascontrol.com\/#website\",\"url\":\"https:\/\/www.mudanzascontrol.com\/\",\"name\":\"Mudanzas Control\",\"description\":\"Empresa de Mudanzas en Barcelona\",\"publisher\":{\"@id\":\"https:\/\/www.mudanzascontrol.com\/#organization\"},\"alternateName\":\"CONTROL Mudanzas Barcelona\",\"potentialAction\":[{\"@type\":\"SearchAction\",\"target\":{\"@type\":\"EntryPoint\",\"urlTemplate\":\"https:\/\/www.mudanzascontrol.com\/?s={search_term_string}\"},\"query-input\":{\"@type\":\"PropertyValueSpecification\",\"valueRequired\":true,\"valueName\":\"search_term_string\"}}],\"inLanguage\":\"ca\"},{\"@type\":\"Organization\",\"@id\":\"https:\/\/www.mudanzascontrol.com\/#organization\",\"name\":\"CONTROL Mudanzas\",\"url\":\"https:\/\/www.mudanzascontrol.com\/\",\"logo\":{\"@type\":\"ImageObject\",\"inLanguage\":\"ca\",\"@id\":\"https:\/\/www.mudanzascontrol.com\/#\/schema\/logo\/image\/\",\"url\":\"https:\/\/www.mudanzascontrol.com\/wp-content\/uploads\/2019\/08\/Control-Mudanzas-Barcelona.jpg\",\"contentUrl\":\"https:\/\/www.mudanzascontrol.com\/wp-content\/uploads\/2019\/08\/Control-Mudanzas-Barcelona.jpg\",\"width\":500,\"height\":125,\"caption\":\"CONTROL Mudanzas\"},\"image\":{\"@id\":\"https:\/\/www.mudanzascontrol.com\/#\/schema\/logo\/image\/\"},\"sameAs\":[\"https:\/\/es-es.facebook.com\/MudanzasControl\/\",\"https:\/\/x.com\/MudanzasControl\",\"https:\/\/www.instagram.com\/mudanzascontrol\/\",\"https:\/\/www.linkedin.com\/company\/control-mudanzas-sl\",\"https:\/\/www.pinterest.es\/mudanzascontrol\/\",\"https:\/\/www.youtube.com\/user\/Guardamuebles1\"],\"description\":\"Empresa de mudanzas ubicada en Barcelona\",\"email\":\"comercial@mudanzascontrol.com\",\"telephone\":\"933340100\",\"legalName\":\"CONSORCIO DE TRANSITO Y ORGANIZACI\u00d3N LOG\u00cdSTICA EN MUDANZAS, SLU\",\"vatID\":\"B61104253\",\"taxID\":\"B61104253\",\"numberOfEmployees\":{\"@type\":\"QuantitativeValue\",\"minValue\":\"11\",\"maxValue\":\"50\"}}]}<\/script>\n<!-- \/ Yoast SEO Premium plugin. -->","yoast_head_json":{"title":"Pol\u00edtica de Cookies | Mudanzas Control","robots":{"index":"noindex","follow":"nofollow"},"og_locale":"ca_ES","og_type":"article","og_title":"Pol\u00edtica de Cookies","og_description":"Pol\u00edtica de cookies Consorci de Tr\u00e0nsit i Organitzaci\u00f3 Log\u00edstica a Mudances, S.L.U. informa sobre l'\u00fas de les cookies a la seva p\u00e0gina web:","og_url":"https:\/\/www.mudanzascontrol.com\/ca\/politica-de-cookies\/","og_site_name":"Mudanzas Control","article_publisher":"https:\/\/es-es.facebook.com\/MudanzasControl\/","og_image":[{"width":3780,"height":2530,"url":"https:\/\/www.mudanzascontrol.com\/wp-content\/uploads\/2019\/05\/Mudanzas-Barcelona-Control-1.jpg","type":"image\/jpeg"}],"twitter_card":"summary_large_image","twitter_site":"@MudanzasControl","twitter_misc":{"Temps estimat de lectura":"7 minuts"},"schema":{"@context":"https:\/\/schema.org","@graph":[{"@type":"WebPage","@id":"https:\/\/www.mudanzascontrol.com\/ca\/politica-de-cookies\/","url":"https:\/\/www.mudanzascontrol.com\/ca\/politica-de-cookies\/","name":"Pol\u00edtica de Cookies | Mudanzas Control","isPartOf":{"@id":"https:\/\/www.mudanzascontrol.com\/#website"},"datePublished":"2019-05-21T18:52:00+00:00","breadcrumb":{"@id":"https:\/\/www.mudanzascontrol.com\/ca\/politica-de-cookies\/#breadcrumb"},"inLanguage":"ca","potentialAction":[{"@type":"ReadAction","target":["https:\/\/www.mudanzascontrol.com\/ca\/politica-de-cookies\/"]}]},{"@type":"BreadcrumbList","@id":"https:\/\/www.mudanzascontrol.com\/ca\/politica-de-cookies\/#breadcrumb","itemListElement":[{"@type":"ListItem","position":1,"name":"Portada","item":"https:\/\/www.mudanzascontrol.com\/ca\/inicio\/"},{"@type":"ListItem","position":2,"name":"Pol\u00edtica de Cookies"}]},{"@type":"WebSite","@id":"https:\/\/www.mudanzascontrol.com\/#website","url":"https:\/\/www.mudanzascontrol.com\/","name":"Mudanzas Control","description":"Empresa de Mudanzas en Barcelona","publisher":{"@id":"https:\/\/www.mudanzascontrol.com\/#organization"},"alternateName":"CONTROL Mudanzas Barcelona","potentialAction":[{"@type":"SearchAction","target":{"@type":"EntryPoint","urlTemplate":"https:\/\/www.mudanzascontrol.com\/?s={search_term_string}"},"query-input":{"@type":"PropertyValueSpecification","valueRequired":true,"valueName":"search_term_string"}}],"inLanguage":"ca"},{"@type":"Organization","@id":"https:\/\/www.mudanzascontrol.com\/#organization","name":"CONTROL Mudanzas","url":"https:\/\/www.mudanzascontrol.com\/","logo":{"@type":"ImageObject","inLanguage":"ca","@id":"https:\/\/www.mudanzascontrol.com\/#\/schema\/logo\/image\/","url":"https:\/\/www.mudanzascontrol.com\/wp-content\/uploads\/2019\/08\/Control-Mudanzas-Barcelona.jpg","contentUrl":"https:\/\/www.mudanzascontrol.com\/wp-content\/uploads\/2019\/08\/Control-Mudanzas-Barcelona.jpg","width":500,"height":125,"caption":"CONTROL Mudanzas"},"image":{"@id":"https:\/\/www.mudanzascontrol.com\/#\/schema\/logo\/image\/"},"sameAs":["https:\/\/es-es.facebook.com\/MudanzasControl\/","https:\/\/x.com\/MudanzasControl","https:\/\/www.instagram.com\/mudanzascontrol\/","https:\/\/www.linkedin.com\/company\/control-mudanzas-sl","https:\/\/www.pinterest.es\/mudanzascontrol\/","https:\/\/www.youtube.com\/user\/Guardamuebles1"],"description":"Empresa de mudanzas ubicada en Barcelona","email":"comercial@mudanzascontrol.com","telephone":"933340100","legalName":"CONSORCIO DE TRANSITO Y ORGANIZACI\u00d3N LOG\u00cdSTICA EN MUDANZAS, SLU","vatID":"B61104253","taxID":"B61104253","numberOfEmployees":{"@type":"QuantitativeValue","minValue":"11","maxValue":"50"}}]}},"_links":{"self":[{"href":"https:\/\/www.mudanzascontrol.com\/ca\/wp-json\/wp\/v2\/pages\/6378","targetHints":{"allow":["GET"]}}],"collection":[{"href":"https:\/\/www.mudanzascontrol.com\/ca\/wp-json\/wp\/v2\/pages"}],"about":[{"href":"https:\/\/www.mudanzascontrol.com\/ca\/wp-json\/wp\/v2\/types\/page"}],"author":[{"embeddable":true,"href":"https:\/\/www.mudanzascontrol.com\/ca\/wp-json\/wp\/v2\/users\/5"}],"replies":[{"embeddable":true,"href":"https:\/\/www.mudanzascontrol.com\/ca\/wp-json\/wp\/v2\/comments?post=6378"}],"version-history":[{"count":0,"href":"https:\/\/www.mudanzascontrol.com\/ca\/wp-json\/wp\/v2\/pages\/6378\/revisions"}],"wp:attachment":[{"href":"https:\/\/www.mudanzascontrol.com\/ca\/wp-json\/wp\/v2\/media?parent=6378"}],"curies":[{"name":"wp","href":"https:\/\/api.w.org\/{rel}","templated":true}]}}