{"id":6515,"date":"2020-11-29T01:12:51","date_gmt":"2020-11-29T00:12:51","guid":{"rendered":"https:\/\/www.mudanzascontrol.com\/serveis\/"},"modified":"2025-09-12T07:19:52","modified_gmt":"2025-09-12T06:19:52","slug":"serveis","status":"publish","type":"page","link":"https:\/\/www.mudanzascontrol.com\/ca\/serveis\/","title":{"rendered":"Serveis"},"content":{"rendered":"<div class=\"wpb-content-wrapper\"><p>[vc_row][vc_column][vc_column_text css=&#8221;&#8221;]<\/p>\n<h1>Serveis de Mudances<\/h1>\n<p>CONTROL porta m\u00e9s de 35 anys ampliant i perfeccionant els serveis que ofereix. Gr\u00e0cies a aix\u00f2, a dia d&#8217;avui podem dur a terme els treballs m\u00e9s exigents i delicats pel que fa a mudances. Entre els treballs especialitzats m\u00e9s complexos destaquem el trasllat de laboratoris i el transport d&#8217;obres d&#8217;art. A m\u00e9s d&#8217;ells, tamb\u00e9 duem a terme els serveis m\u00e9s habituals de qualsevol empresa de mudances.   <\/p>\n<h3>Serveis de mudan\u00e7a m\u00e9s comuns:<\/h3>\n<p>Dins dels serveis de mudances m\u00e9s habituals es troben els trasllats particulars i d&#8217; oficines, aix\u00ed com el servei de guardamobles. El nostre radi d&#8217; actuaci\u00f3 inclou les mudances nacionals i internacionals amb origen o destinaci\u00f3 Barcelona i Catalunya. <\/p>\n<ul>\n<li><a href=\"https:\/\/www.mudanzascontrol.com\/ca\/mudances-particulars\/\">Mudan\u00e7a de la Llar<\/a><\/li>\n<li><a href=\"https:\/\/www.mudanzascontrol.com\/ca\/mudances-oficina\/\">Mudances d&#8217;Oficines<\/a><\/li>\n<li><a href=\"https:\/\/www.mudanzascontrol.com\/ca\/guardamobles\/\">Guardamobles<\/a><\/li>\n<li><a href=\"https:\/\/www.mudanzascontrol.com\/ca\/mudances-nacionals\/\">Mudances Nacionals<\/a><\/li>\n<li><a href=\"https:\/\/www.mudanzascontrol.com\/ca\/mudances-internacionals\/\">Mudances Internacionals<\/a><\/li>\n<li><a href=\"https:\/\/www.mudanzascontrol.com\/ca\/mudances-barcelona-madrid\/\">Mudances Barcelona Madrid<\/a><\/li>\n<\/ul>\n<h4>Mudances especials<\/h4>\n<p>L&#8217; any 1999 iniciem la nostra especialitzaci\u00f3 en el trasllat de laboratoris, formant els nostres empleats en el trasllat de productes reactius i mostres en temperatura controlada. D&#8217;altra banda, els nostres primers serveis en el m\u00f3n del transport d&#8217;obres d&#8217;art daten dels anys 2.001 a 2.005, quan treballem de manera discont\u00ednua per al MNAC (Museu Nacional d&#8217;Art de Catalunya). En els \u00faltims anys l&#8217;empresa ha realitzat una nova inversi\u00f3 per millorar les capacitats en el trasllat d&#8217;obres d&#8217;art (principalment quadres i escultures).  <\/p>\n<ul>\n<li><a href=\"https:\/\/www.mudanzascontrol.com\/ca\/trasllat-laboratoris\/\">Trasllat de laboratoris<\/a><\/li>\n<li><a href=\"https:\/\/www.mudanzascontrol.com\/ca\/transport-obres-art\/\">Transport d&#8217; obres d&#8217; art<\/a><\/li>\n<li><a href=\"https:\/\/www.mudanzascontrol.com\/ca\/transport-descultura-homenatge-a-carlos-martinez-jos-galan\/\">Trasllat d&#8217; escultures<\/a><\/li>\n<li><a href=\"https:\/\/www.mudanzascontrol.com\/ca\/transport-de-quadres\/\">Transport de quadres<\/a><\/li>\n<li><a href=\"https:\/\/www.mudanzascontrol.com\/ca\/mudances-d-hotels\/\">Mudances d&#8217; Hotels<\/a><\/li>\n<\/ul>\n<h4>Mudances a Catalunya<\/h4>\n<p>A causa de la nostra situaci\u00f3 geogr\u00e0fica, el nostre principal \u00e0mbit d&#8217; actuaci\u00f3 \u00e9s la zona de Catalunya, on prestem tots els serveis anteriorment indicats.<\/p>\n<ul>\n<li><a href=\"https:\/\/www.mudanzascontrol.com\/ca\/mudances-barcelona\/\">Mudances Barcelona<\/a><\/li>\n<li><a href=\"https:\/\/www.mudanzascontrol.com\/ca\/mudances-economiques-barcelona\/\">Mudances econ\u00f2miques<\/a><\/li>\n<li><a href=\"https:\/\/www.mudanzascontrol.com\/ca\/mudances-tarragona\/\">Mudances a Tarragona<\/a><\/li>\n<li><a href=\"https:\/\/www.mudanzascontrol.com\/ca\/mudances-sabadell\/\">Mudances a Sabadell<\/a><\/li>\n<li><a href=\"https:\/\/www.mudanzascontrol.com\/ca\/mudances-terrassa\/\">Mudances a Terrassa<\/a><\/li>\n<li><a href=\"https:\/\/www.mudanzascontrol.com\/ca\/mudances-sant-cugat\/\">Mudances a Sant Cugat<\/a><\/li>\n<li><a href=\"https:\/\/www.mudanzascontrol.com\/ca\/mudances-esplugues-de-llobregat\/\">Mudances a Esplugues<\/a><\/li>\n<li><a href=\"https:\/\/www.mudanzascontrol.com\/ca\/mudances-hospitalet\/\">Mudances a l&#8217; Hospitalet<\/a><\/li>\n<li><a href=\"https:\/\/www.mudanzascontrol.com\/ca\/mudances-cornella\/\">Mudances a Cornell\u00e0<\/a><\/li>\n<li><a href=\"https:\/\/www.mudanzascontrol.com\/ca\/mudances-sant-just\/\">Mudances a Sant Just<\/a><\/li>\n<li><a href=\"https:\/\/www.mudanzascontrol.com\/ca\/mudances-sant-boi\/\">Mudances a Sant Boi<\/a><\/li>\n<li><a href=\"https:\/\/www.mudanzascontrol.com\/ca\/mudances-castelldefels\/\">Mudances a Castelldefels<\/a><\/li>\n<li><a href=\"https:\/\/www.mudanzascontrol.com\/ca\/mudances-sitges\/\">Mudances a Sitges<\/a><\/li>\n<li><a href=\"https:\/\/www.mudanzascontrol.com\/ca\/mudances-molins-de-rei\/\">Mudances a Molins de Rei<\/a><\/li>\n<\/ul>\n<h4>Mudances d&#8217; objectes pesants<\/h4>\n<p>Fruit dels nostres m\u00e9s de 35 anys d&#8217;experi\u00e8ncia, hem desenvolupat noves \u00e0rees d&#8217;actuaci\u00f3. Entre elles trobem el trasllat de caixes fortes i el transport de maquin\u00e0ria pesant o delicada. <\/p>\n<ul>\n<li><a href=\"https:\/\/www.mudanzascontrol.com\/ca\/trasllat-de-caixes-fortes\/\">Trasllat de Caixes Fortes<\/a><\/li>\n<li><a href=\"https:\/\/www.mudanzascontrol.com\/ca\/trasllat-de-maquinaria\/\">Trasllats de Maquin\u00e0ria<\/a><\/li>\n<\/ul>\n<h4>Serveis complementaris<\/h4>\n<p>Finalment, atenem davant de tot les necessitats dels nostres clients i per aix\u00f2 hem incorporat alguns serveis complementaris com la destrucci\u00f3 de documentaci\u00f3, el muntatge de prestatgeries mobillock (compactes) i el servei de trasters.<\/p>\n<ul>\n<li><a href=\"https:\/\/www.mudanzascontrol.com\/ca\/reordenacio-de-documentacio-i-mobiliari\/\">Reordenaci\u00f3 de documents<\/a><\/li>\n<li><a href=\"https:\/\/www.mudanzascontrol.com\/ca\/trasllat-prestatgeries-mobils\/\">Trasllat d&#8217; arxius i prestatgeries moviblock<\/a><\/li>\n<li><a href=\"https:\/\/www.mudanzascontrol.com\/ca\/trasters-molins-de-rei\/\">Trasters a Molins de Rei<\/a><\/li>\n<li><a href=\"https:\/\/www.mudanzascontrol.com\/ca\/trasters-sant-vicenc-dels-horts\/\">Trasters a Sant Vicen\u00e7 dels Horts<\/a><\/li>\n<\/ul>\n<p>Oferim aix\u00ed un ampli ventall de solucions per al transport de mobiliari, l&#8217;emmagatzematge i la log\u00edstica, tant per a particular com per a empreses.[\/vc_column_text][vc_empty_space height=&#8221;4em&#8221; alter_height=&#8221;none&#8221; hide_on_mobile=&#8221;&#8221;][\/vc_column][\/vc_row]<\/p>\n<\/div>","protected":false},"excerpt":{"rendered":"<p>[vc_row][vc_column][vc_column_text css=&#8221;&#8221;] Serveis de Mudances CONTROL porta m\u00e9s de 35 anys ampliant i perfeccionant els serveis que ofereix. Gr\u00e0cies a aix\u00f2, a dia d&#8217;avui podem dur a terme els treballs m\u00e9s exigents i delicats pel que fa a mudances. Entre&hellip;<\/p>\n","protected":false},"author":5,"featured_media":5552,"parent":0,"menu_order":0,"comment_status":"closed","ping_status":"closed","template":"","meta":{"footnotes":""},"class_list":["post-6515","page","type-page","status-publish","has-post-thumbnail","hentry"],"yoast_head":"<!-- This site is optimized with the Yoast SEO Premium plugin v27.1 (Yoast SEO v27.1.1) - https:\/\/yoast.com\/product\/yoast-seo-premium-wordpress\/ -->\n<title>Serveis de Mudanzas Control | Transporte y Log\u00edstica<\/title>\n<meta name=\"description\" content=\"Realitzem serveis de mudances, transports de mobles i trasllats de mobiliari i objectes delicats. Conegui tots els nostres serveis\" \/>\n<meta name=\"robots\" content=\"index, follow, max-snippet:-1, max-image-preview:large, max-video-preview:-1\" \/>\n<link rel=\"canonical\" href=\"https:\/\/www.mudanzascontrol.com\/ca\/serveis\/\" \/>\n<meta property=\"og:locale\" content=\"ca_ES\" \/>\n<meta property=\"og:type\" content=\"article\" \/>\n<meta property=\"og:title\" content=\"Serveis\" \/>\n<meta property=\"og:description\" content=\"Serveis de Mudances CONTROL porta m\u00e9s de 35 anys ampliant i perfeccionant els serveis que ofereix. Gr\u00e0cies a aix\u00f2, a dia d&#039;avui podem dur a terme els\" \/>\n<meta property=\"og:url\" content=\"https:\/\/www.mudanzascontrol.com\/ca\/serveis\/\" \/>\n<meta property=\"og:site_name\" content=\"Mudanzas Control\" \/>\n<meta property=\"article:publisher\" content=\"https:\/\/es-es.facebook.com\/MudanzasControl\/\" \/>\n<meta property=\"article:modified_time\" content=\"2025-09-12T06:19:52+00:00\" \/>\n<meta property=\"og:image\" content=\"https:\/\/www.mudanzascontrol.com\/wp-content\/uploads\/2019\/12\/traslado-de-estanter\u00edas-m\u00f3viles.jpg\" \/>\n\t<meta property=\"og:image:width\" content=\"2048\" \/>\n\t<meta property=\"og:image:height\" content=\"1536\" \/>\n\t<meta property=\"og:image:type\" content=\"image\/jpeg\" \/>\n<meta name=\"twitter:card\" content=\"summary_large_image\" \/>\n<meta name=\"twitter:site\" content=\"@MudanzasControl\" \/>\n<meta name=\"twitter:label1\" content=\"Temps estimat de lectura\" \/>\n\t<meta name=\"twitter:data1\" content=\"2 minuts\" \/>\n<script type=\"application\/ld+json\" class=\"yoast-schema-graph\">{\"@context\":\"https:\/\/schema.org\",\"@graph\":[{\"@type\":\"WebPage\",\"@id\":\"https:\/\/www.mudanzascontrol.com\/ca\/serveis\/\",\"url\":\"https:\/\/www.mudanzascontrol.com\/ca\/serveis\/\",\"name\":\"Serveis de Mudanzas Control | Transporte y Log\u00edstica\",\"isPartOf\":{\"@id\":\"https:\/\/www.mudanzascontrol.com\/#website\"},\"primaryImageOfPage\":{\"@id\":\"https:\/\/www.mudanzascontrol.com\/ca\/serveis\/#primaryimage\"},\"image\":{\"@id\":\"https:\/\/www.mudanzascontrol.com\/ca\/serveis\/#primaryimage\"},\"thumbnailUrl\":\"https:\/\/www.mudanzascontrol.com\/wp-content\/uploads\/2019\/12\/traslado-de-estanter\u00edas-m\u00f3viles.jpg\",\"datePublished\":\"2020-11-29T00:12:51+00:00\",\"dateModified\":\"2025-09-12T06:19:52+00:00\",\"description\":\"Realitzem serveis de mudances, transports de mobles i trasllats de mobiliari i objectes delicats. Conegui tots els nostres serveis\",\"breadcrumb\":{\"@id\":\"https:\/\/www.mudanzascontrol.com\/ca\/serveis\/#breadcrumb\"},\"inLanguage\":\"ca\",\"potentialAction\":[{\"@type\":\"ReadAction\",\"target\":[\"https:\/\/www.mudanzascontrol.com\/ca\/serveis\/\"]}]},{\"@type\":\"ImageObject\",\"inLanguage\":\"ca\",\"@id\":\"https:\/\/www.mudanzascontrol.com\/ca\/serveis\/#primaryimage\",\"url\":\"https:\/\/www.mudanzascontrol.com\/wp-content\/uploads\/2019\/12\/traslado-de-estanter\u00edas-m\u00f3viles.jpg\",\"contentUrl\":\"https:\/\/www.mudanzascontrol.com\/wp-content\/uploads\/2019\/12\/traslado-de-estanter\u00edas-m\u00f3viles.jpg\",\"width\":2048,\"height\":1536,\"caption\":\"Serveis de Mudan\u00e7a\"},{\"@type\":\"BreadcrumbList\",\"@id\":\"https:\/\/www.mudanzascontrol.com\/ca\/serveis\/#breadcrumb\",\"itemListElement\":[{\"@type\":\"ListItem\",\"position\":1,\"name\":\"Portada\",\"item\":\"https:\/\/www.mudanzascontrol.com\/ca\/inicio\/\"},{\"@type\":\"ListItem\",\"position\":2,\"name\":\"Serveis\"}]},{\"@type\":\"WebSite\",\"@id\":\"https:\/\/www.mudanzascontrol.com\/#website\",\"url\":\"https:\/\/www.mudanzascontrol.com\/\",\"name\":\"Mudanzas Control\",\"description\":\"Empresa de Mudanzas en Barcelona\",\"publisher\":{\"@id\":\"https:\/\/www.mudanzascontrol.com\/#organization\"},\"alternateName\":\"CONTROL Mudanzas Barcelona\",\"potentialAction\":[{\"@type\":\"SearchAction\",\"target\":{\"@type\":\"EntryPoint\",\"urlTemplate\":\"https:\/\/www.mudanzascontrol.com\/?s={search_term_string}\"},\"query-input\":{\"@type\":\"PropertyValueSpecification\",\"valueRequired\":true,\"valueName\":\"search_term_string\"}}],\"inLanguage\":\"ca\"},{\"@type\":\"Organization\",\"@id\":\"https:\/\/www.mudanzascontrol.com\/#organization\",\"name\":\"CONTROL Mudanzas\",\"url\":\"https:\/\/www.mudanzascontrol.com\/\",\"logo\":{\"@type\":\"ImageObject\",\"inLanguage\":\"ca\",\"@id\":\"https:\/\/www.mudanzascontrol.com\/#\/schema\/logo\/image\/\",\"url\":\"https:\/\/www.mudanzascontrol.com\/wp-content\/uploads\/2019\/08\/Control-Mudanzas-Barcelona.jpg\",\"contentUrl\":\"https:\/\/www.mudanzascontrol.com\/wp-content\/uploads\/2019\/08\/Control-Mudanzas-Barcelona.jpg\",\"width\":500,\"height\":125,\"caption\":\"CONTROL Mudanzas\"},\"image\":{\"@id\":\"https:\/\/www.mudanzascontrol.com\/#\/schema\/logo\/image\/\"},\"sameAs\":[\"https:\/\/es-es.facebook.com\/MudanzasControl\/\",\"https:\/\/x.com\/MudanzasControl\",\"https:\/\/www.instagram.com\/mudanzascontrol\/\",\"https:\/\/www.linkedin.com\/company\/control-mudanzas-sl\",\"https:\/\/www.pinterest.es\/mudanzascontrol\/\",\"https:\/\/www.youtube.com\/user\/Guardamuebles1\"],\"description\":\"Empresa de mudanzas ubicada en Barcelona\",\"email\":\"comercial@mudanzascontrol.com\",\"telephone\":\"933340100\",\"legalName\":\"CONSORCIO DE TRANSITO Y ORGANIZACI\u00d3N LOG\u00cdSTICA EN MUDANZAS, SLU\",\"vatID\":\"B61104253\",\"taxID\":\"B61104253\",\"numberOfEmployees\":{\"@type\":\"QuantitativeValue\",\"minValue\":\"11\",\"maxValue\":\"50\"}}]}<\/script>\n<!-- \/ Yoast SEO Premium plugin. -->","yoast_head_json":{"title":"Serveis de Mudanzas Control | Transporte y Log\u00edstica","description":"Realitzem serveis de mudances, transports de mobles i trasllats de mobiliari i objectes delicats. Conegui tots els nostres serveis","robots":{"index":"index","follow":"follow","max-snippet":"max-snippet:-1","max-image-preview":"max-image-preview:large","max-video-preview":"max-video-preview:-1"},"canonical":"https:\/\/www.mudanzascontrol.com\/ca\/serveis\/","og_locale":"ca_ES","og_type":"article","og_title":"Serveis","og_description":"Serveis de Mudances CONTROL porta m\u00e9s de 35 anys ampliant i perfeccionant els serveis que ofereix. Gr\u00e0cies a aix\u00f2, a dia d'avui podem dur a terme els","og_url":"https:\/\/www.mudanzascontrol.com\/ca\/serveis\/","og_site_name":"Mudanzas Control","article_publisher":"https:\/\/es-es.facebook.com\/MudanzasControl\/","article_modified_time":"2025-09-12T06:19:52+00:00","og_image":[{"width":2048,"height":1536,"url":"https:\/\/www.mudanzascontrol.com\/wp-content\/uploads\/2019\/12\/traslado-de-estanter\u00edas-m\u00f3viles.jpg","type":"image\/jpeg"}],"twitter_card":"summary_large_image","twitter_site":"@MudanzasControl","twitter_misc":{"Temps estimat de lectura":"2 minuts"},"schema":{"@context":"https:\/\/schema.org","@graph":[{"@type":"WebPage","@id":"https:\/\/www.mudanzascontrol.com\/ca\/serveis\/","url":"https:\/\/www.mudanzascontrol.com\/ca\/serveis\/","name":"Serveis de Mudanzas Control | Transporte y Log\u00edstica","isPartOf":{"@id":"https:\/\/www.mudanzascontrol.com\/#website"},"primaryImageOfPage":{"@id":"https:\/\/www.mudanzascontrol.com\/ca\/serveis\/#primaryimage"},"image":{"@id":"https:\/\/www.mudanzascontrol.com\/ca\/serveis\/#primaryimage"},"thumbnailUrl":"https:\/\/www.mudanzascontrol.com\/wp-content\/uploads\/2019\/12\/traslado-de-estanter\u00edas-m\u00f3viles.jpg","datePublished":"2020-11-29T00:12:51+00:00","dateModified":"2025-09-12T06:19:52+00:00","description":"Realitzem serveis de mudances, transports de mobles i trasllats de mobiliari i objectes delicats. Conegui tots els nostres serveis","breadcrumb":{"@id":"https:\/\/www.mudanzascontrol.com\/ca\/serveis\/#breadcrumb"},"inLanguage":"ca","potentialAction":[{"@type":"ReadAction","target":["https:\/\/www.mudanzascontrol.com\/ca\/serveis\/"]}]},{"@type":"ImageObject","inLanguage":"ca","@id":"https:\/\/www.mudanzascontrol.com\/ca\/serveis\/#primaryimage","url":"https:\/\/www.mudanzascontrol.com\/wp-content\/uploads\/2019\/12\/traslado-de-estanter\u00edas-m\u00f3viles.jpg","contentUrl":"https:\/\/www.mudanzascontrol.com\/wp-content\/uploads\/2019\/12\/traslado-de-estanter\u00edas-m\u00f3viles.jpg","width":2048,"height":1536,"caption":"Serveis de Mudan\u00e7a"},{"@type":"BreadcrumbList","@id":"https:\/\/www.mudanzascontrol.com\/ca\/serveis\/#breadcrumb","itemListElement":[{"@type":"ListItem","position":1,"name":"Portada","item":"https:\/\/www.mudanzascontrol.com\/ca\/inicio\/"},{"@type":"ListItem","position":2,"name":"Serveis"}]},{"@type":"WebSite","@id":"https:\/\/www.mudanzascontrol.com\/#website","url":"https:\/\/www.mudanzascontrol.com\/","name":"Mudanzas Control","description":"Empresa de Mudanzas en Barcelona","publisher":{"@id":"https:\/\/www.mudanzascontrol.com\/#organization"},"alternateName":"CONTROL Mudanzas Barcelona","potentialAction":[{"@type":"SearchAction","target":{"@type":"EntryPoint","urlTemplate":"https:\/\/www.mudanzascontrol.com\/?s={search_term_string}"},"query-input":{"@type":"PropertyValueSpecification","valueRequired":true,"valueName":"search_term_string"}}],"inLanguage":"ca"},{"@type":"Organization","@id":"https:\/\/www.mudanzascontrol.com\/#organization","name":"CONTROL Mudanzas","url":"https:\/\/www.mudanzascontrol.com\/","logo":{"@type":"ImageObject","inLanguage":"ca","@id":"https:\/\/www.mudanzascontrol.com\/#\/schema\/logo\/image\/","url":"https:\/\/www.mudanzascontrol.com\/wp-content\/uploads\/2019\/08\/Control-Mudanzas-Barcelona.jpg","contentUrl":"https:\/\/www.mudanzascontrol.com\/wp-content\/uploads\/2019\/08\/Control-Mudanzas-Barcelona.jpg","width":500,"height":125,"caption":"CONTROL Mudanzas"},"image":{"@id":"https:\/\/www.mudanzascontrol.com\/#\/schema\/logo\/image\/"},"sameAs":["https:\/\/es-es.facebook.com\/MudanzasControl\/","https:\/\/x.com\/MudanzasControl","https:\/\/www.instagram.com\/mudanzascontrol\/","https:\/\/www.linkedin.com\/company\/control-mudanzas-sl","https:\/\/www.pinterest.es\/mudanzascontrol\/","https:\/\/www.youtube.com\/user\/Guardamuebles1"],"description":"Empresa de mudanzas ubicada en Barcelona","email":"comercial@mudanzascontrol.com","telephone":"933340100","legalName":"CONSORCIO DE TRANSITO Y ORGANIZACI\u00d3N LOG\u00cdSTICA EN MUDANZAS, SLU","vatID":"B61104253","taxID":"B61104253","numberOfEmployees":{"@type":"QuantitativeValue","minValue":"11","maxValue":"50"}}]}},"_links":{"self":[{"href":"https:\/\/www.mudanzascontrol.com\/ca\/wp-json\/wp\/v2\/pages\/6515","targetHints":{"allow":["GET"]}}],"collection":[{"href":"https:\/\/www.mudanzascontrol.com\/ca\/wp-json\/wp\/v2\/pages"}],"about":[{"href":"https:\/\/www.mudanzascontrol.com\/ca\/wp-json\/wp\/v2\/types\/page"}],"author":[{"embeddable":true,"href":"https:\/\/www.mudanzascontrol.com\/ca\/wp-json\/wp\/v2\/users\/5"}],"replies":[{"embeddable":true,"href":"https:\/\/www.mudanzascontrol.com\/ca\/wp-json\/wp\/v2\/comments?post=6515"}],"version-history":[{"count":0,"href":"https:\/\/www.mudanzascontrol.com\/ca\/wp-json\/wp\/v2\/pages\/6515\/revisions"}],"wp:featuredmedia":[{"embeddable":true,"href":"https:\/\/www.mudanzascontrol.com\/ca\/wp-json\/wp\/v2\/media\/5552"}],"wp:attachment":[{"href":"https:\/\/www.mudanzascontrol.com\/ca\/wp-json\/wp\/v2\/media?parent=6515"}],"curies":[{"name":"wp","href":"https:\/\/api.w.org\/{rel}","templated":true}]}}