{"id":6537,"date":"2023-06-05T19:58:13","date_gmt":"2023-06-05T18:58:13","guid":{"rendered":"https:\/\/www.mudanzascontrol.com\/politica-de-privacitat\/"},"modified":"2023-06-05T19:58:13","modified_gmt":"2023-06-05T18:58:13","slug":"politica-de-privacitat","status":"publish","type":"page","link":"https:\/\/www.mudanzascontrol.com\/ca\/politica-de-privacitat\/","title":{"rendered":"Pol\u00edtica de Privacitat"},"content":{"rendered":"<h1>POL\u00cdTICA DE PRIVACITAT<\/h1>\n<p>Consorci de Tr\u00e0nsit i Organitzaci\u00f3 Log\u00edstica en Mudances, S.L.U., en aplicaci\u00f3 de la normativa vigent en mat\u00e8ria de protecci\u00f3 de dades de car\u00e0cter personal, informa que les dades personals que es recullen a trav\u00e9s dels formularis del Lloc web: www.mudanzascontrol.com, s&#8217;inclouen en els fitxers automatitzats espec\u00edfics d&#8217;usuaris dels serveis de Consorci de Tr\u00e0nsit i Organitzaci\u00f3 Log\u00edstica en Mudances,  S.L.U.<\/p>\n<p>La recollida i tractament automatitzat de les dades de car\u00e0cter personal t\u00e9 com a finalitat el manteniment de la relaci\u00f3 comercial i l&#8217; acompliment de tasques d&#8217; informaci\u00f3, formaci\u00f3, assessorament i altres activitats pr\u00f2pies de Consorci de Tr\u00e0nsit i Organitzaci\u00f3 Log\u00edstica a Mudances, S.L.U.<\/p>\n<p>Aquestes dades \u00fanicament seran cedides a aquelles entitats que siguin necess\u00e0ries amb l&#8217; \u00fanic objectiu de donar compliment a la finalitat anteriorment exposada.<\/p>\n<p>Consorci de Tr\u00e0nsit i Organitzaci\u00f3 Log\u00edstica a Mudances, S.L.U. adopta les mesures necess\u00e0ries per garantir la seguretat, integritat i confidencialitat de les dades conforme al que disposa el Reglament (UE) 2016\/679 del Parlament Europeu i del Consell, de 27 d&#8217;abril de 2016, relatiu a la protecci\u00f3 de les persones f\u00edsiques pel que fa al tractament de dades personals i a la lliure circulaci\u00f3 dels mateixos,  i derogant l&#8217;antiga LOPD, la nova Llei Org\u00e0nica 3\/2018, de 5 desembre, de Protecci\u00f3 de Dades i Garantia dels Drets Digitals (LOPDGDD).<\/p>\n<p>L&#8217;usuari podr\u00e0 en qualsevol moment exercitar els drets d&#8217;acc\u00e9s, oposici\u00f3, rectificaci\u00f3, cancel\u00b7laci\u00f3, limitaci\u00f3 i portabilitat reconeguts en l&#8217;esmentat Reglament (UE). L&#8217;exercici d&#8217;aquests drets pot realitzar-lo el mateix usuari a trav\u00e9s d&#8217;email a: comercial@mudanzascontrol.com o en l&#8217;adre\u00e7a: Av. Prat de La Riba N\u00ba186 Nau 6, C.P. 08780 &#8211; Palleja (Barcelona).  <\/p>\n<p>L&#8217;usuari manifesta que totes les dades facilitades per ell s\u00f3n certes i correctes, i es compromet a mantenir-les actualitzades, comunicant els canvis a Consorci de Tr\u00e0nsit i Organitzaci\u00f3 Log\u00edstica a Mudances, S.L.U.<\/p>\n<h3>Finalitat del tractament de les dades personals:<\/h3>\n<p><strong>Amb quina finalitat tractarem les teves dades personals?<\/strong><\/p>\n<p>En Consorci de Tr\u00e0nsit i Organitzaci\u00f3 Log\u00edstica en Mudances, S.L.U., tractarem les teves dades personals recaptades a trav\u00e9s del Lloc Web: www.mudanzascontrol.com, amb les seg\u00fcents finalitats:<\/p>\n<p>Tramesa d&#8217; informaci\u00f3 comercial i butlletins sobre nous serveis oferts al web i del sector.<\/p>\n<p>Trametre informaci\u00f3 promocional via electr\u00f2nica.<\/p>\n<p>Facilitar la informaci\u00f3 demanada per l&#8217; usuari a trav\u00e9s del formulari de contacte.<\/p>\n<p>Et recordem que pots oposar-te a l&#8217;enviament de comunicacions comercials per qualsevol via i en qualsevol moment, remetent un correu electr\u00f2nic a l&#8217;adre\u00e7a anteriorment indicada.<\/p>\n<p>Els camps d&#8217; aquests registres s\u00f3n d&#8217; emplenament obligatori, essent impossible realitzar les finalitats expressades si no s&#8217; aporten aquestes dades.<\/p>\n<p><strong>Per quant temps es conserven les dades personals recaptades?<\/strong><\/p>\n<p>Les dades personals proporcionades es conservaran mentre es mantingui la relaci\u00f3 comercial o no demanin la seva supressi\u00f3 i durant el termini pel qual poguessin derivar-se responsabilitats legals pels serveis prestats.<\/p>\n<p><strong>Legitimaci\u00f3:<\/strong><\/p>\n<p>El tractament de les teves dades es realitza amb les seg\u00fcents bases jur\u00eddiques que legitimen el mateix:<\/p>\n<p>La sol\u00b7licitud d&#8217;informaci\u00f3 i\/o la contractaci\u00f3 dels serveis de Consorci de Tr\u00e0nsit i Organitzaci\u00f3 Log\u00edstica a Mudances, S.L.U., els termes i condicions de la qual es posaran a la teva disposici\u00f3 en tot cas, de forma pr\u00e8via a una eventual contractaci\u00f3.<\/p>\n<p>El consentiment lliure, espec\u00edfic, informat i inequ\u00edvoc, en tant que t&#8217;informem posant a la teva disposici\u00f3 la present pol\u00edtica de privacitat, que despr\u00e9s de la lectura de la mateixa, en cas d&#8217;estar conforme, pots acceptar mitjan\u00e7ant una declaraci\u00f3 o una clara acci\u00f3 afirmativa, com el marcat d&#8217;una casella disposada a l&#8217;efecte.<\/p>\n<p>En cas que no ens facilitis les teves dades o ho facis de forma err\u00f2nia o incompleta, no podrem atendre la teva sol\u00b7licitud, resultant del tot impossible proporcionar-te la informaci\u00f3 sol\u00b7licitada o dur a terme la contractaci\u00f3 dels serveis.<\/p>\n<p><strong>Destinataris:<\/strong><\/p>\n<p>Les dades no es comunicaran a cap tercer ali\u00e8 a Consorci de Tr\u00e0nsit i Organitzaci\u00f3 Log\u00edstica a Mudanzas, S.L.U., llevat d&#8217; obligaci\u00f3 legal.<\/p>\n<p>S&#8217;han contractat serveis de hosting ubicats fora de l&#8217;Espai Econ\u00f2mic Europeu, als EUA, considerat una destinaci\u00f3 segura per a transfer\u00e8ncies internacionals de dades, segons acord assolit en mat\u00e8ria de protecci\u00f3 de dades entre la UE i EUA (Trans-Atlantic Data Privacy Framework).<\/p>\n<p><strong>Dades recopilades per usuaris dels serveis<\/strong><\/p>\n<p>En els casos en qu\u00e8 l&#8217; usuari inclogui fitxers amb dades de car\u00e0cter personal en els servidors d&#8217; allotjament compartit, Consorci de Tr\u00e0nsit i Organitzaci\u00f3 Log\u00edstica en Mudances, S.L.U. no es fa responsable de l&#8217; incompliment per part de l&#8217; usuari del RGPD.<\/p>\n<p><strong>Drets propietat intel\u00b7lectual www.mudanzascontrol.com<\/strong><\/p>\n<p>Consorci de Tr\u00e0nsit i Organitzaci\u00f3 Log\u00edstica a Mudances, S.L.U. \u00e9s titular de tots els drets d&#8217;autor, propietat intel\u00b7lectual, industrial, &#8220;know how&#8221; i quants altres drets guarden relaci\u00f3 amb els continguts del lloc web www.mudanzascontrol.com i els serveis oferts en el mateix, aix\u00ed com dels programes necessaris per a la seva implementaci\u00f3 i la informaci\u00f3 relacionada.<\/p>\n<p>No es permet la reproducci\u00f3, publicaci\u00f3 i\/o \u00fas no estrictament privat dels continguts, totals o parcials, del lloc web www.mudanzascontrol.com sense el consentiment previ i per escrit.<\/p>\n<p><strong>Propietat intel\u00b7lectual del programari<\/strong><\/p>\n<p>L&#8217;usuari ha de respectar els programes de tercers posats a la seva disposici\u00f3 per Consorci de Tr\u00e0nsit i Organitzaci\u00f3 Log\u00edstica a Mudances, S.L.U., tot i ser gratu\u00efts i\/o de disposici\u00f3 p\u00fablica.<\/p>\n<p>Consorci de Tr\u00e0nsit i Organitzaci\u00f3 Log\u00edstica a Mudances, S.L.U. disposa dels drets d&#8217;explotaci\u00f3 i propietat intel\u00b7lectual necessaris del programari.<\/p>\n<p>L&#8217; usuari no adquireix cap dret o llic\u00e8ncia pel servei contractat, sobre el programari necessari per a la prestaci\u00f3 del servei, ni tampoc sobre la informaci\u00f3 t\u00e8cnica de seguiment del servei, excepci\u00f3 feta dels drets i llic\u00e8ncies necessaris per al compliment dels serveis contractats i \u00fanicament durant la durada dels mateixos.<\/p>\n<p>Per a tota actuaci\u00f3 que excedeixi del compliment del contracte, l&#8217; usuari necessitar\u00e0 autoritzaci\u00f3 per escrit per part de Consorci de Tr\u00e0nsit i Organitzaci\u00f3 Log\u00edstica a Mudances, S.L.U., quedant prohibit a l&#8217; usuari accedir, modificar, visualitzar la configuraci\u00f3, estructura i fitxers dels servidors propietat de Consorci de Tr\u00e0nsit i Organitzaci\u00f3 Log\u00edstica en Mudances, S.L.U.,  assumint la responsabilitat civil i penal derivada de qualsevol incid\u00e8ncia que es pogu\u00e9s produir en els servidors i sistemes de seguretat com a conseq\u00fc\u00e8ncia directa d&#8217; una actuaci\u00f3 negligent o maliciosa per la seva part.<\/p>\n<p><strong>Propietat intel\u00b7lectual dels continguts allotjats<\/strong><\/p>\n<p>Es prohibeix l&#8217;\u00fas contrari a la legislaci\u00f3 sobre propietat intel\u00b7lectual dels serveis prestats per Consorci de Tr\u00e0nsit i Organitzaci\u00f3 Log\u00edstica a Mudances, S.L.U. i, en particular de:<\/p>\n<p>La utilitzaci\u00f3 que resulti contr\u00e0ria a les lleis espanyoles o que infringeixi els drets de tercers.<\/p>\n<p>La publicaci\u00f3 o la transmissi\u00f3 de qualsevol contingut que, segons el parer de Consorci de Tr\u00e0nsit i Organitzaci\u00f3 Log\u00edstica a Mudances, S.L.U., resulti violent, obsc\u00e8, abusiu, il\u00b7legal, racial, xen\u00f2fob o difamatori.<\/p>\n<p>Els cracs, n\u00fameros de s\u00e8rie de programes o qualsevol altre contingut que vulneri drets de la propietat intel\u00b7lectual de tercers.<\/p>\n<p>La recollida i\/o utilitzaci\u00f3 de dades personals d&#8217;altres usuaris sense el seu consentiment expr\u00e9s o contravenint el que disposa el Reglament (UE) 2016\/679 del Parlament Europeu i del Consell, de 27 d&#8217;abril de 2016, relatiu a la protecci\u00f3 de les persones f\u00edsiques pel que fa al tractament de dades personals i a la lliure circulaci\u00f3 dels mateixos.<\/p>\n<p>La utilitzaci\u00f3 del servidor de correu del domini i de les adreces de correu electr\u00f2nic per a l&#8217; enviament de correu massiu no desitjat.<\/p>\n<p>L&#8217;usuari t\u00e9 tota la responsabilitat sobre el contingut del seu web, la informaci\u00f3 transmesa i emmagatzemada, els enlla\u00e7os d&#8217;hipertext, les reivindicacions de tercers i les accions legals en refer\u00e8ncia a propietat intel\u00b7lectual, drets de tercers i protecci\u00f3 de menors.<\/p>\n<p>L&#8217;usuari \u00e9s responsable respecte a les lleis i reglaments en vigor i les regles que tenen a veure amb el funcionament del servei online, comer\u00e7 electr\u00f2nic, drets d&#8217;autor, manteniment de l&#8217;ordre p\u00fablic, aix\u00ed com principis universals d&#8217;\u00fas d&#8217;Internet.<\/p>\n<p>L&#8217;usuari indemnitzar\u00e0 Consorci de Tr\u00e0nsit i Organitzaci\u00f3 Log\u00edstica a Mudances, S.L.U. per les despeses que gener\u00e9s la imputaci\u00f3 de Consorci de Tr\u00e0nsit i Organitzaci\u00f3 Log\u00edstica a Mudances, S.L.U. en alguna causa la responsabilitat de la qual fos atribu\u00efble a l&#8217;usuari, inclosos honoraris i despeses de defensa jur\u00eddica, fins i tot en el cas d&#8217;una decisi\u00f3 judicial no definitiva.<\/p>\n<p><strong>Protecci\u00f3 de la informaci\u00f3 allotjada<\/strong><\/p>\n<p>Consorci de Tr\u00e0nsit i Organitzaci\u00f3 Log\u00edstica en Mudances, S.L.U. realitza c\u00f2pies de seguretat dels continguts allotjats en els seus servidors, per\u00f2 no es responsabilitza de la p\u00e8rdua o l&#8217;esborrat accidental de les dades per part dels usuaris. D&#8217;igual manera, no garanteix la reposici\u00f3 total de les dades esborrades pels usuaris, ja que les esmentades dades podrien haver estat suprimides i\/o modificades durant el per\u00edode del temps transcorregut des de l&#8217;\u00faltima c\u00f2pia de seguretat. <\/p>\n<p>Els serveis oferts, excepte els serveis espec\u00edfics de backup, no inclouen la reposici\u00f3 dels continguts conservats en les c\u00f2pies de seguretat realitzades per Consorci de Tr\u00e0nsit i Organitzaci\u00f3 Log\u00edstica a Mudances, S.L.U., quan aquesta p\u00e8rdua sigui imputable a l&#8217; usuari; en aquest cas, es determinar\u00e0 una tarifa d&#8217; acord amb la complexitat i volum de la recuperaci\u00f3, sempre pr\u00e8via acceptaci\u00f3 de l&#8217; usuari.<\/p>\n<p>La reposici\u00f3 de dades esborrades nom\u00e9s est\u00e0 inclosa en el preu del servei quan la p\u00e8rdua del contingut sigui deguda a causes atribu\u00efbles a Consorci de Tr\u00e0nsit i Organitzaci\u00f3 Log\u00edstica a Mudances, S.L.U..<\/p>\n<p><strong>Comunicacions comercials<\/strong><\/p>\n<p>En aplicaci\u00f3 de la LSSI. Consorci de Tr\u00e0nsit i Organitzaci\u00f3 Log\u00edstica en Mudances, S.L.U. no enviar\u00e0 comunicacions publicit\u00e0ries o promocionals per correu electr\u00f2nic o un altre mitj\u00e0 de comunicaci\u00f3 electr\u00f2nica equivalent que pr\u00e8viament no haguessin estat sol\u00b7licitades o expressament autoritzades pels destinataris de les mateixes. <\/p>\n<p>En el cas d&#8217; usuaris amb els quals existeixi una relaci\u00f3 contractual pr\u00e8via, Consorci de Tr\u00e0nsit i Organitzaci\u00f3 Log\u00edstica a Mudanzas, S.L.U. s\u00ed que est\u00e0 autoritzat a l&#8217; enviament de comunicacions comercials referents a productes o serveis de Consorci de Tr\u00e0nsit i Organitzaci\u00f3 Log\u00edstica a Mudances, S.L.U. que siguin similars als que inicialment van ser objecte de contractaci\u00f3 amb el client.<\/p>\n<p>En tot cas, l&#8217;usuari, despr\u00e9s d&#8217;acreditar la seva identitat, podr\u00e0 sol\u00b7licitar que no se li faci arribar m\u00e9s informaci\u00f3 comercial a trav\u00e9s dels canals d&#8217;Atenci\u00f3 al Client.<\/p>\n","protected":false},"excerpt":{"rendered":"<p>POL\u00cdTICA DE PRIVACITAT Consorci de Tr\u00e0nsit i Organitzaci\u00f3 Log\u00edstica en Mudances, S.L.U., en aplicaci\u00f3 de la normativa vigent en mat\u00e8ria de protecci\u00f3 de dades de car\u00e0cter personal, informa que les dades personals que es recullen a trav\u00e9s dels formularis del&hellip;<\/p>\n","protected":false},"author":5,"featured_media":0,"parent":0,"menu_order":0,"comment_status":"closed","ping_status":"closed","template":"","meta":{"footnotes":""},"class_list":["post-6537","page","type-page","status-publish","hentry"],"yoast_head":"<!-- This site is optimized with the Yoast SEO Premium plugin v27.1 (Yoast SEO v27.1.1) - https:\/\/yoast.com\/product\/yoast-seo-premium-wordpress\/ -->\n<title>Pol\u00edtica de Privacitat | Mudanzas Control<\/title>\n<meta name=\"robots\" content=\"noindex, nofollow\" \/>\n<meta property=\"og:locale\" content=\"ca_ES\" \/>\n<meta property=\"og:type\" content=\"article\" \/>\n<meta property=\"og:title\" content=\"Pol\u00edtica de Privacitat\" \/>\n<meta property=\"og:description\" content=\"POL\u00cdTICA DE PRIVACITAT Consorci de Tr\u00e0nsit i Organitzaci\u00f3 Log\u00edstica en Mudances, S.L.U., en aplicaci\u00f3 de la normativa vigent en mat\u00e8ria de protecci\u00f3 de\" \/>\n<meta property=\"og:url\" content=\"https:\/\/www.mudanzascontrol.com\/ca\/politica-de-privacitat\/\" \/>\n<meta property=\"og:site_name\" content=\"Mudanzas Control\" \/>\n<meta property=\"article:publisher\" content=\"https:\/\/es-es.facebook.com\/MudanzasControl\/\" \/>\n<meta property=\"og:image\" content=\"https:\/\/www.mudanzascontrol.com\/wp-content\/uploads\/2019\/05\/Mudanzas-Barcelona-Control-1.jpg\" \/>\n\t<meta property=\"og:image:width\" content=\"3780\" \/>\n\t<meta property=\"og:image:height\" content=\"2530\" \/>\n\t<meta property=\"og:image:type\" content=\"image\/jpeg\" \/>\n<meta name=\"twitter:card\" content=\"summary_large_image\" \/>\n<meta name=\"twitter:site\" content=\"@MudanzasControl\" \/>\n<meta name=\"twitter:label1\" content=\"Temps estimat de lectura\" \/>\n\t<meta name=\"twitter:data1\" content=\"9 minuts\" \/>\n<script type=\"application\/ld+json\" class=\"yoast-schema-graph\">{\"@context\":\"https:\/\/schema.org\",\"@graph\":[{\"@type\":\"WebPage\",\"@id\":\"https:\/\/www.mudanzascontrol.com\/ca\/politica-de-privacitat\/\",\"url\":\"https:\/\/www.mudanzascontrol.com\/ca\/politica-de-privacitat\/\",\"name\":\"Pol\u00edtica de Privacitat | Mudanzas Control\",\"isPartOf\":{\"@id\":\"https:\/\/www.mudanzascontrol.com\/#website\"},\"datePublished\":\"2023-06-05T18:58:13+00:00\",\"breadcrumb\":{\"@id\":\"https:\/\/www.mudanzascontrol.com\/ca\/politica-de-privacitat\/#breadcrumb\"},\"inLanguage\":\"ca\",\"potentialAction\":[{\"@type\":\"ReadAction\",\"target\":[\"https:\/\/www.mudanzascontrol.com\/ca\/politica-de-privacitat\/\"]}]},{\"@type\":\"BreadcrumbList\",\"@id\":\"https:\/\/www.mudanzascontrol.com\/ca\/politica-de-privacitat\/#breadcrumb\",\"itemListElement\":[{\"@type\":\"ListItem\",\"position\":1,\"name\":\"Portada\",\"item\":\"https:\/\/www.mudanzascontrol.com\/ca\/inicio\/\"},{\"@type\":\"ListItem\",\"position\":2,\"name\":\"Pol\u00edtica de Privacitat\"}]},{\"@type\":\"WebSite\",\"@id\":\"https:\/\/www.mudanzascontrol.com\/#website\",\"url\":\"https:\/\/www.mudanzascontrol.com\/\",\"name\":\"Mudanzas Control\",\"description\":\"Empresa de Mudanzas en Barcelona\",\"publisher\":{\"@id\":\"https:\/\/www.mudanzascontrol.com\/#organization\"},\"alternateName\":\"CONTROL Mudanzas Barcelona\",\"potentialAction\":[{\"@type\":\"SearchAction\",\"target\":{\"@type\":\"EntryPoint\",\"urlTemplate\":\"https:\/\/www.mudanzascontrol.com\/?s={search_term_string}\"},\"query-input\":{\"@type\":\"PropertyValueSpecification\",\"valueRequired\":true,\"valueName\":\"search_term_string\"}}],\"inLanguage\":\"ca\"},{\"@type\":\"Organization\",\"@id\":\"https:\/\/www.mudanzascontrol.com\/#organization\",\"name\":\"CONTROL Mudanzas\",\"url\":\"https:\/\/www.mudanzascontrol.com\/\",\"logo\":{\"@type\":\"ImageObject\",\"inLanguage\":\"ca\",\"@id\":\"https:\/\/www.mudanzascontrol.com\/#\/schema\/logo\/image\/\",\"url\":\"https:\/\/www.mudanzascontrol.com\/wp-content\/uploads\/2019\/08\/Control-Mudanzas-Barcelona.jpg\",\"contentUrl\":\"https:\/\/www.mudanzascontrol.com\/wp-content\/uploads\/2019\/08\/Control-Mudanzas-Barcelona.jpg\",\"width\":500,\"height\":125,\"caption\":\"CONTROL Mudanzas\"},\"image\":{\"@id\":\"https:\/\/www.mudanzascontrol.com\/#\/schema\/logo\/image\/\"},\"sameAs\":[\"https:\/\/es-es.facebook.com\/MudanzasControl\/\",\"https:\/\/x.com\/MudanzasControl\",\"https:\/\/www.instagram.com\/mudanzascontrol\/\",\"https:\/\/www.linkedin.com\/company\/control-mudanzas-sl\",\"https:\/\/www.pinterest.es\/mudanzascontrol\/\",\"https:\/\/www.youtube.com\/user\/Guardamuebles1\"],\"description\":\"Empresa de mudanzas ubicada en Barcelona\",\"email\":\"comercial@mudanzascontrol.com\",\"telephone\":\"933340100\",\"legalName\":\"CONSORCIO DE TRANSITO Y ORGANIZACI\u00d3N LOG\u00cdSTICA EN MUDANZAS, SLU\",\"vatID\":\"B61104253\",\"taxID\":\"B61104253\",\"numberOfEmployees\":{\"@type\":\"QuantitativeValue\",\"minValue\":\"11\",\"maxValue\":\"50\"}}]}<\/script>\n<!-- \/ Yoast SEO Premium plugin. -->","yoast_head_json":{"title":"Pol\u00edtica de Privacitat | Mudanzas Control","robots":{"index":"noindex","follow":"nofollow"},"og_locale":"ca_ES","og_type":"article","og_title":"Pol\u00edtica de Privacitat","og_description":"POL\u00cdTICA DE PRIVACITAT Consorci de Tr\u00e0nsit i Organitzaci\u00f3 Log\u00edstica en Mudances, S.L.U., en aplicaci\u00f3 de la normativa vigent en mat\u00e8ria de protecci\u00f3 de","og_url":"https:\/\/www.mudanzascontrol.com\/ca\/politica-de-privacitat\/","og_site_name":"Mudanzas Control","article_publisher":"https:\/\/es-es.facebook.com\/MudanzasControl\/","og_image":[{"width":3780,"height":2530,"url":"https:\/\/www.mudanzascontrol.com\/wp-content\/uploads\/2019\/05\/Mudanzas-Barcelona-Control-1.jpg","type":"image\/jpeg"}],"twitter_card":"summary_large_image","twitter_site":"@MudanzasControl","twitter_misc":{"Temps estimat de lectura":"9 minuts"},"schema":{"@context":"https:\/\/schema.org","@graph":[{"@type":"WebPage","@id":"https:\/\/www.mudanzascontrol.com\/ca\/politica-de-privacitat\/","url":"https:\/\/www.mudanzascontrol.com\/ca\/politica-de-privacitat\/","name":"Pol\u00edtica de Privacitat | Mudanzas Control","isPartOf":{"@id":"https:\/\/www.mudanzascontrol.com\/#website"},"datePublished":"2023-06-05T18:58:13+00:00","breadcrumb":{"@id":"https:\/\/www.mudanzascontrol.com\/ca\/politica-de-privacitat\/#breadcrumb"},"inLanguage":"ca","potentialAction":[{"@type":"ReadAction","target":["https:\/\/www.mudanzascontrol.com\/ca\/politica-de-privacitat\/"]}]},{"@type":"BreadcrumbList","@id":"https:\/\/www.mudanzascontrol.com\/ca\/politica-de-privacitat\/#breadcrumb","itemListElement":[{"@type":"ListItem","position":1,"name":"Portada","item":"https:\/\/www.mudanzascontrol.com\/ca\/inicio\/"},{"@type":"ListItem","position":2,"name":"Pol\u00edtica de Privacitat"}]},{"@type":"WebSite","@id":"https:\/\/www.mudanzascontrol.com\/#website","url":"https:\/\/www.mudanzascontrol.com\/","name":"Mudanzas Control","description":"Empresa de Mudanzas en Barcelona","publisher":{"@id":"https:\/\/www.mudanzascontrol.com\/#organization"},"alternateName":"CONTROL Mudanzas Barcelona","potentialAction":[{"@type":"SearchAction","target":{"@type":"EntryPoint","urlTemplate":"https:\/\/www.mudanzascontrol.com\/?s={search_term_string}"},"query-input":{"@type":"PropertyValueSpecification","valueRequired":true,"valueName":"search_term_string"}}],"inLanguage":"ca"},{"@type":"Organization","@id":"https:\/\/www.mudanzascontrol.com\/#organization","name":"CONTROL Mudanzas","url":"https:\/\/www.mudanzascontrol.com\/","logo":{"@type":"ImageObject","inLanguage":"ca","@id":"https:\/\/www.mudanzascontrol.com\/#\/schema\/logo\/image\/","url":"https:\/\/www.mudanzascontrol.com\/wp-content\/uploads\/2019\/08\/Control-Mudanzas-Barcelona.jpg","contentUrl":"https:\/\/www.mudanzascontrol.com\/wp-content\/uploads\/2019\/08\/Control-Mudanzas-Barcelona.jpg","width":500,"height":125,"caption":"CONTROL Mudanzas"},"image":{"@id":"https:\/\/www.mudanzascontrol.com\/#\/schema\/logo\/image\/"},"sameAs":["https:\/\/es-es.facebook.com\/MudanzasControl\/","https:\/\/x.com\/MudanzasControl","https:\/\/www.instagram.com\/mudanzascontrol\/","https:\/\/www.linkedin.com\/company\/control-mudanzas-sl","https:\/\/www.pinterest.es\/mudanzascontrol\/","https:\/\/www.youtube.com\/user\/Guardamuebles1"],"description":"Empresa de mudanzas ubicada en Barcelona","email":"comercial@mudanzascontrol.com","telephone":"933340100","legalName":"CONSORCIO DE TRANSITO Y ORGANIZACI\u00d3N LOG\u00cdSTICA EN MUDANZAS, SLU","vatID":"B61104253","taxID":"B61104253","numberOfEmployees":{"@type":"QuantitativeValue","minValue":"11","maxValue":"50"}}]}},"_links":{"self":[{"href":"https:\/\/www.mudanzascontrol.com\/ca\/wp-json\/wp\/v2\/pages\/6537","targetHints":{"allow":["GET"]}}],"collection":[{"href":"https:\/\/www.mudanzascontrol.com\/ca\/wp-json\/wp\/v2\/pages"}],"about":[{"href":"https:\/\/www.mudanzascontrol.com\/ca\/wp-json\/wp\/v2\/types\/page"}],"author":[{"embeddable":true,"href":"https:\/\/www.mudanzascontrol.com\/ca\/wp-json\/wp\/v2\/users\/5"}],"replies":[{"embeddable":true,"href":"https:\/\/www.mudanzascontrol.com\/ca\/wp-json\/wp\/v2\/comments?post=6537"}],"version-history":[{"count":0,"href":"https:\/\/www.mudanzascontrol.com\/ca\/wp-json\/wp\/v2\/pages\/6537\/revisions"}],"wp:attachment":[{"href":"https:\/\/www.mudanzascontrol.com\/ca\/wp-json\/wp\/v2\/media?parent=6537"}],"curies":[{"name":"wp","href":"https:\/\/api.w.org\/{rel}","templated":true}]}}