{"id":6335,"date":"2016-12-02T15:02:47","date_gmt":"2016-12-02T14:02:47","guid":{"rendered":"https:\/\/www.mudanzascontrol.com\/checklist\/"},"modified":"2025-04-05T20:24:26","modified_gmt":"2025-04-05T19:24:26","slug":"checklist","status":"publish","type":"page","link":"https:\/\/www.mudanzascontrol.com\/en\/checklist\/","title":{"rendered":"Checklist"},"content":{"rendered":"<div class=\"wpb-content-wrapper\"><p>[vc_row][vc_column][vc_column_text]<\/p>\n<h1>Checklist to organize your move<\/h1>\n<p>Making a move bearable will depend largely on the previous organization, which will help us to be more relaxed when the moment of truth arrives. For this reason, we provide our clients and anyone who needs it, with the following list of tasks to complete before a move. In this way we will be able to put order on the steps to follow before our move from home.[\/vc_column_text][vc_empty_space height=&#8221;3.2em&#8221; alter_height=&#8221;none&#8221; hide_on_mobile=&#8221;&#8221;][\/vc_column][\/vc_row][vc_row][vc_column][vc_tta_accordion][vc_tta_section title=&#8221;Getting started&#8221; tab_id=&#8221;1481030912922-46784be6-186e&#8221;]<div class=\"cqlist-container \" data-isclickable=\"yes\" data-clickedicon=\"icon-checkbox\" style=\"width:;\"><div class=\"cqlist \"><ul><li><a href=\"#\" class=\"todolist-btn\" data-icon=\"icon-checkbox-empty\"> <i class=\"cq-todolist-icon icon-checkbox-empty\" style=\"color:;\"><\/i> <\/a><span class=\"todolist-content\">Identifica claramente el mobiliario y enseres a trasladar. Esto requerir\u00e1 al menos una segunda revisi\u00f3n, ya que es habitual que en la primera pasada nos dejemos alguna cosa.<\/span><\/li><li><a href=\"#\" class=\"todolist-btn\" data-icon=\"icon-checkbox-empty\"> <i class=\"cq-todolist-icon icon-checkbox-empty\" style=\"color:;\"><\/i> <\/a><span class=\"todolist-content\">Comprueba si hay alg\u00fan elemento de tu mudanza que requiera un tratamiento especial, como es el caso de los pianos, o si los accesos en origen y\/o destino tienen alguna particularidad que puedan complicar el traslado (edificio sin ascensor, puertas estrechas, etc.). Informando con antelaci\u00f3n de estos aspectos la empresa de mudanzas podr\u00e1 aportar los medios necesarios para que el traslado se lleve a cabo sin contratiempos.<\/span><\/li><li><a href=\"#\" class=\"todolist-btn\" data-icon=\"icon-checkbox-empty\"> <i class=\"cq-todolist-icon icon-checkbox-empty\" style=\"color:;\"><\/i> <\/a><span class=\"todolist-content\">Planifica una fecha para el traslado. Recomendamos evitar la \u00faltima semana del mes, ya que es cuando finalizan los contratos de alquiler y suele haber un pico de demanda. Si es la fecha que necesitas, no te preocupes, planificando con tiempo no habr\u00e1 ning\u00fan problema.<\/span><\/li><li><a href=\"#\" class=\"todolist-btn\" data-icon=\"icon-checkbox-empty\"> <i class=\"cq-todolist-icon icon-checkbox-empty\" style=\"color:;\"><\/i> <\/a><span class=\"todolist-content\">Investiga previamente la empresa de mudanzas que te acompa\u00f1ar\u00e1 en el proceso. De nada sirve comparar peras con manzanas y las grandes ofertas a veces resultan en enga\u00f1os. Por ello, consulta si la empresa que tienes en mente dispone de una buena reputaci\u00f3n, as\u00ed como certificados que puedan avalar su servicio: ISO 9001, ISO 14001, ISO 45001.<\/span><\/li><\/ul><\/div><\/div>[\/vc_tta_section][vc_tta_section title=&#8221;Hiring the service of the moving company&#8221; tab_id=&#8221;1481030913145-210ee5c3-b671&#8243;]<div class=\"cqlist-container \" data-isclickable=\"yes\" data-clickedicon=\"fa fa-check-square-o\" style=\"width:;\"><div class=\"cqlist \"><ul><li><a href=\"#\" class=\"todolist-btn\" data-icon=\"icon-checkbox-empty\"> <i class=\"cq-todolist-icon icon-checkbox-empty\" style=\"color:;\"><\/i> <\/a><span class=\"todolist-content\">Confirma que las direcciones de origen y destino se han indicado correctamente, as\u00ed como la relaci\u00f3n de mobiliario y enseres a trasladar.<\/span><\/li><li><a href=\"#\" class=\"todolist-btn\" data-icon=\"icon-checkbox-empty\"> <i class=\"cq-todolist-icon icon-checkbox-empty\" style=\"color:;\"><\/i> <\/a><span class=\"todolist-content\">Aseg\u00farate de que el d\u00eda escogido para la mudanza se pueda llevar a cabo sin contratiempos por tu parte. En caso de reformas en el nuevo hogar confirma al 100% que no habr\u00e1n retrasos o deja unos d\u00edas de margen por si los hubiera. En caso de que tengas mascotas asustadizas, confirma con un amigo o familiar cercano que se pueda hacer cargo ese d\u00eda. Si tienes que pedir el d\u00eda libre en el trabajo, hazlo con antelaci\u00f3n.<\/span><\/li><li><a href=\"#\" class=\"todolist-btn\" data-icon=\"icon-checkbox-empty\"> <i class=\"cq-todolist-icon icon-checkbox-empty\" style=\"color:;\"><\/i> <\/a><span class=\"todolist-content\">Gestiona el cambio de suministros (luz, agua, gas, internet, ...). Haz este paso con tiempo, ya que a menudo los plazos pueden ser superiores a lo esperado.<\/span><\/li><\/ul><\/div><\/div>[\/vc_tta_section][vc_tta_section title=&#8221;2-3 weeks before move-in&#8221; tab_id=&#8221;1481031096471-5a018921-5437&#8243;]<div class=\"cqlist-container \" data-isclickable=\"yes\" data-clickedicon=\"fa fa-check-square-o\" style=\"width:;\"><div class=\"cqlist \"><ul><li><a href=\"#\" class=\"todolist-btn\" data-icon=\"icon-checkbox-empty\"> <i class=\"cq-todolist-icon icon-checkbox-empty\" style=\"color:;\"><\/i> <\/a><span class=\"todolist-content\">Revisa e identifica los objetos que necesitar\u00e1s tener a disposici\u00f3n el d\u00eda de la mudanza y aseg\u00farate de que no los empaquetas en cajas.<\/span><\/li><li><a href=\"#\" class=\"todolist-btn\" data-icon=\"icon-checkbox-empty\"> <i class=\"cq-todolist-icon icon-checkbox-empty\" style=\"color:;\"><\/i> <\/a><span class=\"todolist-content\">Si te vas a encargar t\u00fa del empaquetado de cajas, deber\u00e1s empezar con ello. Embalar con tiempo nos permitir\u00e1 decidir qu\u00e9 cosas deben trasladarse, cu\u00e1les queremos regalar y cu\u00e1les debemos tirar. En este punto, recomendamos revisar nuestro art\u00edculo sobre qu\u00e9 hacer con los muebles, juguetes y libros que no queremos en una mudanza. Lo encontrar\u00e1s en nuestro listado de consejos y te ayudar\u00e1 a dar una segunda vida a esas cosas que ya no necesitas. Por \u00faltimo, recuerda etiquetar claramente las cajas, si no lo haces tendr\u00e1s dificultades para encontrar tus cosas al llegar al nuevo hogar.<\/span><\/li><li><a href=\"#\" class=\"todolist-btn\" data-icon=\"icon-checkbox-empty\"> <i class=\"cq-todolist-icon icon-checkbox-empty\" style=\"color:;\"><\/i> <\/a><span class=\"todolist-content\">Empieza a vaciar el contenido de la nevera y congelador. El d\u00eda del traslado la nevera deber\u00e1 estar desconectada para su traslado, por lo que todos los alimentos perecederos deber\u00edan haber haberse consumido previamente.<\/span><\/li><\/ul><\/div><\/div>[\/vc_tta_section][vc_tta_section title=&#8221;The day before the move&#8221; tab_id=&#8221;1481031105350-fb5a469d-4afe&#8221;]<div class=\"cqlist-container \" data-isclickable=\"yes\" data-clickedicon=\"fa fa-check-square-o\" style=\"width:;\"><div class=\"cqlist \"><ul><li><a href=\"#\" class=\"todolist-btn\" data-icon=\"icon-checkbox-empty\"> <i class=\"cq-todolist-icon icon-checkbox-empty\" style=\"color:;\"><\/i> <\/a><span class=\"todolist-content\">Confirma con la empresa de mudanzas que todo est\u00e1 listo y organizado seg\u00fan lo previsto. Realmente siempre lo va a estar, pero esto te dar\u00e1 tranquilidad para irte a dormir sin preocupaciones.<\/span><\/li><li><a href=\"#\" class=\"todolist-btn\" data-icon=\"icon-checkbox-empty\"> <i class=\"cq-todolist-icon icon-checkbox-empty\" style=\"color:;\"><\/i> <\/a><span class=\"todolist-content\">Prepara una o dos cajas con las cosas que puedes necesitar de manera urgente y ll\u00e9valas contigo. Por ejemplo llaves, tel\u00e9fono, documentaci\u00f3n personal, etc. son cosas que puedes querer tener a mano en caso de necesidad.<\/span><\/li><li><a href=\"#\" class=\"todolist-btn\" data-icon=\"icon-checkbox-empty\"> <i class=\"cq-todolist-icon icon-checkbox-empty\" style=\"color:;\"><\/i> <\/a><span class=\"todolist-content\">Revisa este checklist, si est\u00e1 todo completado hasta este punto es el primer indicio de que todo ir\u00e1 bien. Es hora de descansar y confiar en la empresa de mudanzas y su equipo. Es nuestro d\u00eda a d\u00eda y lo tenemos todo bajo Control \ud83d\ude09<\/span><\/li><\/ul><\/div><\/div>[\/vc_tta_section][vc_tta_section title=&#8221;During the move&#8221; tab_id=&#8221;1481031126775-0a0aeb8d-88ef&#8221;]<div class=\"cqlist-container \" data-isclickable=\"yes\" data-clickedicon=\"fa fa-check-square-o\" style=\"width:;\"><div class=\"cqlist \"><ul><li><a href=\"#\" class=\"todolist-btn\" data-icon=\"icon-checkbox-empty\"> <i class=\"cq-todolist-icon icon-checkbox-empty\" style=\"color:;\"><\/i> <\/a><span class=\"todolist-content\">Confirma con el encargado de la mudanza las diferentes estancias para que pueda confirmar que todo es seg\u00fan lo previsto y deja que ellos se encarguen del resto. Somos profesionales de la mudanza y lo que para el cliente puede suponer un gran estr\u00e9s para nosotros es el d\u00eda a d\u00eda.<\/span><\/li><li><a href=\"#\" class=\"todolist-btn\" data-icon=\"icon-checkbox-empty\"> <i class=\"cq-todolist-icon icon-checkbox-empty\" style=\"color:;\"><\/i> <\/a><span class=\"todolist-content\">Antes de abandonar el antiguo hogar, revisa que no hayas dejado nada en alg\u00fan caj\u00f3n escondido o en el trastero.<\/span><\/li><li><a href=\"#\" class=\"todolist-btn\" data-icon=\"icon-checkbox-empty\"> <i class=\"cq-todolist-icon icon-checkbox-empty\" style=\"color:;\"><\/i> <\/a><span class=\"todolist-content\">Si surge cualquier imprevisto no lo abordes desde una perspectiva reactiva, simplemente analiza la situaci\u00f3n con calma y recuerda que todo en la vida tiene una soluci\u00f3n.<\/span><\/li><\/ul><\/div><\/div>[\/vc_tta_section][\/vc_tta_accordion][\/vc_column][\/vc_row][vc_row][vc_column][vc_empty_space height=&#8221;2.4rem&#8221; alter_height=&#8221;none&#8221; hide_on_mobile=&#8221;&#8221;][\/vc_column][\/vc_row][vc_row][vc_column]<div  id=\"sc_action_2072561835\" \n\tclass=\"sc_action sc_action_default\" data-slides-min-width=\"250\"\t><div class=\"sc_action_content sc_item_content\"><div class=\"sc_action_item sc_action_item_default with_image sc_action_item_mc\" style=\"background-image:url(https:\/\/www.mudanzascontrol.com\/wp-content\/uploads\/2019\/03\/Mudanzas-en-Barcelona-ciudad-1170x658.jpg);\">\n\t\t\t\t\t\t\t<div class=\"sc_action_item_mask\"><\/div>\n\t\t\t\t<div class=\"sc_action_item_inner\">\n\t\t\t\t<h3 class=\"sc_action_item_title\"><span>\u00bfListo para empezar?<\/span><\/h3><div class=\"sc_item_button\"><a href=\"\/contacto\" class=\"sc_action_item_link sc_button_default3\" data-text=\"Solicita presupuesto online\"><span>Solicita presupuesto online<\/span><\/a><\/div><\/div><!-- \/.sc_action_item_inner --><\/div><\/div><\/div><!-- \/.sc_action -->[\/vc_column][\/vc_row][vc_row][vc_column][vc_empty_space height=&#8221;4rem&#8221; alter_height=&#8221;none&#8221; hide_on_mobile=&#8221;&#8221;][\/vc_column][\/vc_row]<\/p>\n<\/div>","protected":false},"excerpt":{"rendered":"<p>[vc_row][vc_column][vc_column_text] Checklist to organize your move Making a move bearable will depend largely on the previous organization, which will help us to be more relaxed when the moment of truth arrives. For this reason, we provide our clients and anyone&hellip;<\/p>\n","protected":false},"author":5,"featured_media":1070,"parent":0,"menu_order":0,"comment_status":"closed","ping_status":"closed","template":"","meta":{"footnotes":""},"class_list":["post-6335","page","type-page","status-publish","has-post-thumbnail","hentry"],"yoast_head":"<!-- This site is optimized with the Yoast SEO Premium plugin v27.1 (Yoast SEO v27.1.1) - https:\/\/yoast.com\/product\/yoast-seo-premium-wordpress\/ -->\n<title>Checklist with steps to follow before moving<\/title>\n<meta name=\"description\" content=\"If you are moving soon, this checklist with steps to follow to organize your move will interest you. Get organized and don&#039;t forget anything important.\" \/>\n<meta name=\"robots\" content=\"index, follow, max-snippet:-1, max-image-preview:large, max-video-preview:-1\" \/>\n<link rel=\"canonical\" href=\"https:\/\/www.mudanzascontrol.com\/en\/checklist\/\" \/>\n<meta property=\"og:locale\" content=\"en_US\" \/>\n<meta property=\"og:type\" content=\"article\" \/>\n<meta property=\"og:title\" content=\"Checklist\" \/>\n<meta property=\"og:description\" content=\"Checklist to organize your move Making a move bearable will depend largely on the previous organization, which will help us to be more relaxed when the\" \/>\n<meta property=\"og:url\" content=\"https:\/\/www.mudanzascontrol.com\/en\/checklist\/\" \/>\n<meta property=\"og:site_name\" content=\"Mudanzas Control\" \/>\n<meta property=\"article:publisher\" content=\"https:\/\/es-es.facebook.com\/MudanzasControl\/\" \/>\n<meta property=\"article:modified_time\" content=\"2025-04-05T19:24:26+00:00\" \/>\n<meta property=\"og:image\" content=\"https:\/\/www.mudanzascontrol.com\/wp-content\/uploads\/2019\/01\/seguridad-documentos.jpg\" \/>\n<meta name=\"twitter:card\" content=\"summary_large_image\" \/>\n<meta name=\"twitter:image\" content=\"https:\/\/www.mudanzascontrol.com\/wp-content\/uploads\/2019\/01\/seguridad-documentos.jpg\" \/>\n<meta name=\"twitter:site\" content=\"@MudanzasControl\" \/>\n<meta name=\"twitter:label1\" content=\"Est. reading time\" \/>\n\t<meta name=\"twitter:data1\" content=\"6 minutes\" \/>\n<script type=\"application\/ld+json\" class=\"yoast-schema-graph\">{\"@context\":\"https:\/\/schema.org\",\"@graph\":[{\"@type\":\"WebPage\",\"@id\":\"https:\/\/www.mudanzascontrol.com\/en\/checklist\/\",\"url\":\"https:\/\/www.mudanzascontrol.com\/en\/checklist\/\",\"name\":\"Checklist with steps to follow before moving\",\"isPartOf\":{\"@id\":\"https:\/\/www.mudanzascontrol.com\/#website\"},\"primaryImageOfPage\":{\"@id\":\"https:\/\/www.mudanzascontrol.com\/en\/checklist\/#primaryimage\"},\"image\":{\"@id\":\"https:\/\/www.mudanzascontrol.com\/en\/checklist\/#primaryimage\"},\"thumbnailUrl\":\"https:\/\/www.mudanzascontrol.com\/wp-content\/uploads\/2019\/01\/seguridad-documentos-e1611927683953.jpg\",\"datePublished\":\"2016-12-02T14:02:47+00:00\",\"dateModified\":\"2025-04-05T19:24:26+00:00\",\"description\":\"If you are moving soon, this checklist with steps to follow to organize your move will interest you. Get organized and don't forget anything important.\",\"breadcrumb\":{\"@id\":\"https:\/\/www.mudanzascontrol.com\/en\/checklist\/#breadcrumb\"},\"inLanguage\":\"en-US\",\"potentialAction\":[{\"@type\":\"ReadAction\",\"target\":[\"https:\/\/www.mudanzascontrol.com\/en\/checklist\/\"]}]},{\"@type\":\"ImageObject\",\"inLanguage\":\"en-US\",\"@id\":\"https:\/\/www.mudanzascontrol.com\/en\/checklist\/#primaryimage\",\"url\":\"https:\/\/www.mudanzascontrol.com\/wp-content\/uploads\/2019\/01\/seguridad-documentos-e1611927683953.jpg\",\"contentUrl\":\"https:\/\/www.mudanzascontrol.com\/wp-content\/uploads\/2019\/01\/seguridad-documentos-e1611927683953.jpg\",\"width\":1280,\"height\":640,\"caption\":\"Presupuesto mudanza Sitges\"},{\"@type\":\"BreadcrumbList\",\"@id\":\"https:\/\/www.mudanzascontrol.com\/en\/checklist\/#breadcrumb\",\"itemListElement\":[{\"@type\":\"ListItem\",\"position\":1,\"name\":\"Portada\",\"item\":\"https:\/\/www.mudanzascontrol.com\/en\/inicio\/\"},{\"@type\":\"ListItem\",\"position\":2,\"name\":\"Checklist\"}]},{\"@type\":\"WebSite\",\"@id\":\"https:\/\/www.mudanzascontrol.com\/#website\",\"url\":\"https:\/\/www.mudanzascontrol.com\/\",\"name\":\"Mudanzas Control\",\"description\":\"Empresa de Mudanzas en Barcelona\",\"publisher\":{\"@id\":\"https:\/\/www.mudanzascontrol.com\/#organization\"},\"alternateName\":\"CONTROL Mudanzas Barcelona\",\"potentialAction\":[{\"@type\":\"SearchAction\",\"target\":{\"@type\":\"EntryPoint\",\"urlTemplate\":\"https:\/\/www.mudanzascontrol.com\/?s={search_term_string}\"},\"query-input\":{\"@type\":\"PropertyValueSpecification\",\"valueRequired\":true,\"valueName\":\"search_term_string\"}}],\"inLanguage\":\"en-US\"},{\"@type\":\"Organization\",\"@id\":\"https:\/\/www.mudanzascontrol.com\/#organization\",\"name\":\"CONTROL Mudanzas\",\"url\":\"https:\/\/www.mudanzascontrol.com\/\",\"logo\":{\"@type\":\"ImageObject\",\"inLanguage\":\"en-US\",\"@id\":\"https:\/\/www.mudanzascontrol.com\/#\/schema\/logo\/image\/\",\"url\":\"https:\/\/www.mudanzascontrol.com\/wp-content\/uploads\/2019\/08\/Control-Mudanzas-Barcelona.jpg\",\"contentUrl\":\"https:\/\/www.mudanzascontrol.com\/wp-content\/uploads\/2019\/08\/Control-Mudanzas-Barcelona.jpg\",\"width\":500,\"height\":125,\"caption\":\"CONTROL Mudanzas\"},\"image\":{\"@id\":\"https:\/\/www.mudanzascontrol.com\/#\/schema\/logo\/image\/\"},\"sameAs\":[\"https:\/\/es-es.facebook.com\/MudanzasControl\/\",\"https:\/\/x.com\/MudanzasControl\",\"https:\/\/www.instagram.com\/mudanzascontrol\/\",\"https:\/\/www.linkedin.com\/company\/control-mudanzas-sl\",\"https:\/\/www.pinterest.es\/mudanzascontrol\/\",\"https:\/\/www.youtube.com\/user\/Guardamuebles1\"],\"description\":\"Empresa de mudanzas ubicada en Barcelona\",\"email\":\"comercial@mudanzascontrol.com\",\"telephone\":\"933340100\",\"legalName\":\"CONSORCIO DE TRANSITO Y ORGANIZACI\u00d3N LOG\u00cdSTICA EN MUDANZAS, SLU\",\"vatID\":\"B61104253\",\"taxID\":\"B61104253\",\"numberOfEmployees\":{\"@type\":\"QuantitativeValue\",\"minValue\":\"11\",\"maxValue\":\"50\"}}]}<\/script>\n<!-- \/ Yoast SEO Premium plugin. -->","yoast_head_json":{"title":"Checklist with steps to follow before moving","description":"If you are moving soon, this checklist with steps to follow to organize your move will interest you. Get organized and don't forget anything important.","robots":{"index":"index","follow":"follow","max-snippet":"max-snippet:-1","max-image-preview":"max-image-preview:large","max-video-preview":"max-video-preview:-1"},"canonical":"https:\/\/www.mudanzascontrol.com\/en\/checklist\/","og_locale":"en_US","og_type":"article","og_title":"Checklist","og_description":"Checklist to organize your move Making a move bearable will depend largely on the previous organization, which will help us to be more relaxed when the","og_url":"https:\/\/www.mudanzascontrol.com\/en\/checklist\/","og_site_name":"Mudanzas Control","article_publisher":"https:\/\/es-es.facebook.com\/MudanzasControl\/","article_modified_time":"2025-04-05T19:24:26+00:00","og_image":[{"url":"https:\/\/www.mudanzascontrol.com\/wp-content\/uploads\/2019\/01\/seguridad-documentos.jpg","type":"","width":"","height":""}],"twitter_card":"summary_large_image","twitter_image":"https:\/\/www.mudanzascontrol.com\/wp-content\/uploads\/2019\/01\/seguridad-documentos.jpg","twitter_site":"@MudanzasControl","twitter_misc":{"Est. reading time":"6 minutes"},"schema":{"@context":"https:\/\/schema.org","@graph":[{"@type":"WebPage","@id":"https:\/\/www.mudanzascontrol.com\/en\/checklist\/","url":"https:\/\/www.mudanzascontrol.com\/en\/checklist\/","name":"Checklist with steps to follow before moving","isPartOf":{"@id":"https:\/\/www.mudanzascontrol.com\/#website"},"primaryImageOfPage":{"@id":"https:\/\/www.mudanzascontrol.com\/en\/checklist\/#primaryimage"},"image":{"@id":"https:\/\/www.mudanzascontrol.com\/en\/checklist\/#primaryimage"},"thumbnailUrl":"https:\/\/www.mudanzascontrol.com\/wp-content\/uploads\/2019\/01\/seguridad-documentos-e1611927683953.jpg","datePublished":"2016-12-02T14:02:47+00:00","dateModified":"2025-04-05T19:24:26+00:00","description":"If you are moving soon, this checklist with steps to follow to organize your move will interest you. Get organized and don't forget anything important.","breadcrumb":{"@id":"https:\/\/www.mudanzascontrol.com\/en\/checklist\/#breadcrumb"},"inLanguage":"en-US","potentialAction":[{"@type":"ReadAction","target":["https:\/\/www.mudanzascontrol.com\/en\/checklist\/"]}]},{"@type":"ImageObject","inLanguage":"en-US","@id":"https:\/\/www.mudanzascontrol.com\/en\/checklist\/#primaryimage","url":"https:\/\/www.mudanzascontrol.com\/wp-content\/uploads\/2019\/01\/seguridad-documentos-e1611927683953.jpg","contentUrl":"https:\/\/www.mudanzascontrol.com\/wp-content\/uploads\/2019\/01\/seguridad-documentos-e1611927683953.jpg","width":1280,"height":640,"caption":"Presupuesto mudanza Sitges"},{"@type":"BreadcrumbList","@id":"https:\/\/www.mudanzascontrol.com\/en\/checklist\/#breadcrumb","itemListElement":[{"@type":"ListItem","position":1,"name":"Portada","item":"https:\/\/www.mudanzascontrol.com\/en\/inicio\/"},{"@type":"ListItem","position":2,"name":"Checklist"}]},{"@type":"WebSite","@id":"https:\/\/www.mudanzascontrol.com\/#website","url":"https:\/\/www.mudanzascontrol.com\/","name":"Mudanzas Control","description":"Empresa de Mudanzas en Barcelona","publisher":{"@id":"https:\/\/www.mudanzascontrol.com\/#organization"},"alternateName":"CONTROL Mudanzas Barcelona","potentialAction":[{"@type":"SearchAction","target":{"@type":"EntryPoint","urlTemplate":"https:\/\/www.mudanzascontrol.com\/?s={search_term_string}"},"query-input":{"@type":"PropertyValueSpecification","valueRequired":true,"valueName":"search_term_string"}}],"inLanguage":"en-US"},{"@type":"Organization","@id":"https:\/\/www.mudanzascontrol.com\/#organization","name":"CONTROL Mudanzas","url":"https:\/\/www.mudanzascontrol.com\/","logo":{"@type":"ImageObject","inLanguage":"en-US","@id":"https:\/\/www.mudanzascontrol.com\/#\/schema\/logo\/image\/","url":"https:\/\/www.mudanzascontrol.com\/wp-content\/uploads\/2019\/08\/Control-Mudanzas-Barcelona.jpg","contentUrl":"https:\/\/www.mudanzascontrol.com\/wp-content\/uploads\/2019\/08\/Control-Mudanzas-Barcelona.jpg","width":500,"height":125,"caption":"CONTROL Mudanzas"},"image":{"@id":"https:\/\/www.mudanzascontrol.com\/#\/schema\/logo\/image\/"},"sameAs":["https:\/\/es-es.facebook.com\/MudanzasControl\/","https:\/\/x.com\/MudanzasControl","https:\/\/www.instagram.com\/mudanzascontrol\/","https:\/\/www.linkedin.com\/company\/control-mudanzas-sl","https:\/\/www.pinterest.es\/mudanzascontrol\/","https:\/\/www.youtube.com\/user\/Guardamuebles1"],"description":"Empresa de mudanzas ubicada en Barcelona","email":"comercial@mudanzascontrol.com","telephone":"933340100","legalName":"CONSORCIO DE TRANSITO Y ORGANIZACI\u00d3N LOG\u00cdSTICA EN MUDANZAS, SLU","vatID":"B61104253","taxID":"B61104253","numberOfEmployees":{"@type":"QuantitativeValue","minValue":"11","maxValue":"50"}}]}},"_links":{"self":[{"href":"https:\/\/www.mudanzascontrol.com\/en\/wp-json\/wp\/v2\/pages\/6335","targetHints":{"allow":["GET"]}}],"collection":[{"href":"https:\/\/www.mudanzascontrol.com\/en\/wp-json\/wp\/v2\/pages"}],"about":[{"href":"https:\/\/www.mudanzascontrol.com\/en\/wp-json\/wp\/v2\/types\/page"}],"author":[{"embeddable":true,"href":"https:\/\/www.mudanzascontrol.com\/en\/wp-json\/wp\/v2\/users\/5"}],"replies":[{"embeddable":true,"href":"https:\/\/www.mudanzascontrol.com\/en\/wp-json\/wp\/v2\/comments?post=6335"}],"version-history":[{"count":0,"href":"https:\/\/www.mudanzascontrol.com\/en\/wp-json\/wp\/v2\/pages\/6335\/revisions"}],"wp:featuredmedia":[{"embeddable":true,"href":"https:\/\/www.mudanzascontrol.com\/en\/wp-json\/wp\/v2\/media\/1070"}],"wp:attachment":[{"href":"https:\/\/www.mudanzascontrol.com\/en\/wp-json\/wp\/v2\/media?parent=6335"}],"curies":[{"name":"wp","href":"https:\/\/api.w.org\/{rel}","templated":true}]}}