{"id":6528,"date":"2023-06-05T19:59:49","date_gmt":"2023-06-05T18:59:49","guid":{"rendered":"https:\/\/www.mudanzascontrol.com\/legal-notice\/"},"modified":"2023-06-05T19:59:49","modified_gmt":"2023-06-05T18:59:49","slug":"legal-notice","status":"publish","type":"page","link":"https:\/\/www.mudanzascontrol.com\/en\/legal-notice\/","title":{"rendered":"Legal Notice"},"content":{"rendered":"<h1>LEGAL NOTICE<\/h1>\n<p>In compliance with the duty of information set out in article 10 of Law 34\/2002, of 11 July, on Information Society Services and Electronic Commerce (LSSICE), the owner of the website informs you of the following:<\/p>\n<p>Company name: Consorcio de Tr\u00e1nsito y Organizaci\u00f3n Log\u00edstica en Mudanzas, S.L.U.<\/p>\n<p>NIF: B61104253<\/p>\n<p>Address: Avda. Prat de La Riba N\u00ba186 Nave 6, 08780 &#8211; Palleja (Barcelona) <\/p>\n<p>Registered in the Mercantile Registry of Barcelona in Volume 47127, folio 166, section 8, page number 145831, entry 13<\/p>\n<p>Within the limits established by law, Consorcio de Tr\u00e1nsito y Organizaci\u00f3n Log\u00edstica en Mudanzas, S.L.U. does not assume any liability arising from the lack of veracity, integrity, updating and accuracy of the data or information contained in its web pages.<\/p>\n<p>The contents and information are not binding on Consorcio de Tr\u00e1nsito y Organizaci\u00f3n Log\u00edstica en Mudanzas, S.L.U. nor do they constitute opinions, advice or legal advice of any kind, as it is merely a service offered for informative and informative purposes.<\/p>\n<p>The Internet pages of Consorcio de Tr\u00e1nsito y Organizaci\u00f3n Log\u00edstica en Mudanzas, S.L.U. may contain links to other third-party websites that Consorcio de Tr\u00e1nsito y Organizaci\u00f3n Log\u00edstica en Mudanzas, S.L.U. cannot control. Therefore, Consorcio de Tr\u00e1nsito y Organizaci\u00f3n Log\u00edstica en Mudanzas, S.L.U. cannot assume responsibility for the content that may appear on third-party pages. <\/p>\n<p>The texts, images, sounds, animations, software and other content included in this website are the exclusive property of Consorcio de Tr\u00e1nsito y Organizaci\u00f3n Log\u00edstica en Mudanzas, S.L.U. or its licensors. Any act of transmission, distribution, transfer, reproduction, storage or total or partial public communication must have the express consent of Consorcio de Tr\u00e1nsito y Organizaci\u00f3n Log\u00edstica en Mudanzas, S.L.U.. <\/p>\n<p>Likewise, in order to access some of the services that Consorcio de Tr\u00e1nsito y Organizaci\u00f3n Log\u00edstica en Mudanzas, S.L.U. offers through the website, you must provide some personal data. In compliance with the provisions of Regulation (EU) 2016\/679 of the European Parliament and of the Council, of 27 April 2016, on the protection of natural persons with regard to the processing of personal data and on the free movement of such data, we inform you that, by completing these forms,  your personal data will be incorporated and processed in the files of Consorcio de Tr\u00e1nsito y Organizaci\u00f3n Log\u00edstica en Mudanzas, S.L.U. in order to be able to provide and offer our services as well as to inform you of the improvements to the website. <\/p>\n<p>We also inform you that you will have the possibility at any time to exercise your rights of access, rectification, cancellation, opposition, limitation and portability of your personal data, free of charge by email to: comercial@mudanzascontrol.com or at the address: Avda. Prat de La Riba N\u00ba186 Nave 6, 08780 &#8211; Palleja (Barcelona). <\/p>\n","protected":false},"excerpt":{"rendered":"<p>LEGAL NOTICE In compliance with the duty of information set out in article 10 of Law 34\/2002, of 11 July, on Information Society Services and Electronic Commerce (LSSICE), the owner of the website informs you of the following: Company name:&hellip;<\/p>\n","protected":false},"author":5,"featured_media":0,"parent":0,"menu_order":0,"comment_status":"closed","ping_status":"closed","template":"","meta":{"footnotes":""},"class_list":["post-6528","page","type-page","status-publish","hentry"],"yoast_head":"<!-- This site is optimized with the Yoast SEO Premium plugin v27.1 (Yoast SEO v27.1.1) - https:\/\/yoast.com\/product\/yoast-seo-premium-wordpress\/ -->\n<title>Legal Notice | Mudanzas Control<\/title>\n<meta name=\"robots\" content=\"noindex, nofollow\" \/>\n<meta property=\"og:locale\" content=\"en_US\" \/>\n<meta property=\"og:type\" content=\"article\" \/>\n<meta property=\"og:title\" content=\"Legal Notice\" \/>\n<meta property=\"og:description\" content=\"LEGAL NOTICE In compliance with the duty of information set out in article 10 of Law 34\/2002, of 11 July, on Information Society Services and Electronic\" \/>\n<meta property=\"og:url\" content=\"https:\/\/www.mudanzascontrol.com\/en\/legal-notice\/\" \/>\n<meta property=\"og:site_name\" content=\"Mudanzas Control\" \/>\n<meta property=\"article:publisher\" content=\"https:\/\/es-es.facebook.com\/MudanzasControl\/\" \/>\n<meta property=\"og:image\" content=\"https:\/\/www.mudanzascontrol.com\/wp-content\/uploads\/2019\/05\/Mudanzas-Barcelona-Control-1.jpg\" \/>\n\t<meta property=\"og:image:width\" content=\"3780\" \/>\n\t<meta property=\"og:image:height\" content=\"2530\" \/>\n\t<meta property=\"og:image:type\" content=\"image\/jpeg\" \/>\n<meta name=\"twitter:card\" content=\"summary_large_image\" \/>\n<meta name=\"twitter:site\" content=\"@MudanzasControl\" \/>\n<meta name=\"twitter:label1\" content=\"Est. reading time\" \/>\n\t<meta name=\"twitter:data1\" content=\"2 minutes\" \/>\n<script type=\"application\/ld+json\" class=\"yoast-schema-graph\">{\"@context\":\"https:\/\/schema.org\",\"@graph\":[{\"@type\":\"WebPage\",\"@id\":\"https:\/\/www.mudanzascontrol.com\/en\/legal-notice\/\",\"url\":\"https:\/\/www.mudanzascontrol.com\/en\/legal-notice\/\",\"name\":\"Legal Notice | Mudanzas Control\",\"isPartOf\":{\"@id\":\"https:\/\/www.mudanzascontrol.com\/#website\"},\"datePublished\":\"2023-06-05T18:59:49+00:00\",\"breadcrumb\":{\"@id\":\"https:\/\/www.mudanzascontrol.com\/en\/legal-notice\/#breadcrumb\"},\"inLanguage\":\"en-US\",\"potentialAction\":[{\"@type\":\"ReadAction\",\"target\":[\"https:\/\/www.mudanzascontrol.com\/en\/legal-notice\/\"]}]},{\"@type\":\"BreadcrumbList\",\"@id\":\"https:\/\/www.mudanzascontrol.com\/en\/legal-notice\/#breadcrumb\",\"itemListElement\":[{\"@type\":\"ListItem\",\"position\":1,\"name\":\"Portada\",\"item\":\"https:\/\/www.mudanzascontrol.com\/en\/inicio\/\"},{\"@type\":\"ListItem\",\"position\":2,\"name\":\"Legal Notice\"}]},{\"@type\":\"WebSite\",\"@id\":\"https:\/\/www.mudanzascontrol.com\/#website\",\"url\":\"https:\/\/www.mudanzascontrol.com\/\",\"name\":\"Mudanzas Control\",\"description\":\"Empresa de Mudanzas en Barcelona\",\"publisher\":{\"@id\":\"https:\/\/www.mudanzascontrol.com\/#organization\"},\"alternateName\":\"CONTROL Mudanzas Barcelona\",\"potentialAction\":[{\"@type\":\"SearchAction\",\"target\":{\"@type\":\"EntryPoint\",\"urlTemplate\":\"https:\/\/www.mudanzascontrol.com\/?s={search_term_string}\"},\"query-input\":{\"@type\":\"PropertyValueSpecification\",\"valueRequired\":true,\"valueName\":\"search_term_string\"}}],\"inLanguage\":\"en-US\"},{\"@type\":\"Organization\",\"@id\":\"https:\/\/www.mudanzascontrol.com\/#organization\",\"name\":\"CONTROL Mudanzas\",\"url\":\"https:\/\/www.mudanzascontrol.com\/\",\"logo\":{\"@type\":\"ImageObject\",\"inLanguage\":\"en-US\",\"@id\":\"https:\/\/www.mudanzascontrol.com\/#\/schema\/logo\/image\/\",\"url\":\"https:\/\/www.mudanzascontrol.com\/wp-content\/uploads\/2019\/08\/Control-Mudanzas-Barcelona.jpg\",\"contentUrl\":\"https:\/\/www.mudanzascontrol.com\/wp-content\/uploads\/2019\/08\/Control-Mudanzas-Barcelona.jpg\",\"width\":500,\"height\":125,\"caption\":\"CONTROL Mudanzas\"},\"image\":{\"@id\":\"https:\/\/www.mudanzascontrol.com\/#\/schema\/logo\/image\/\"},\"sameAs\":[\"https:\/\/es-es.facebook.com\/MudanzasControl\/\",\"https:\/\/x.com\/MudanzasControl\",\"https:\/\/www.instagram.com\/mudanzascontrol\/\",\"https:\/\/www.linkedin.com\/company\/control-mudanzas-sl\",\"https:\/\/www.pinterest.es\/mudanzascontrol\/\",\"https:\/\/www.youtube.com\/user\/Guardamuebles1\"],\"description\":\"Empresa de mudanzas ubicada en Barcelona\",\"email\":\"comercial@mudanzascontrol.com\",\"telephone\":\"933340100\",\"legalName\":\"CONSORCIO DE TRANSITO Y ORGANIZACI\u00d3N LOG\u00cdSTICA EN MUDANZAS, SLU\",\"vatID\":\"B61104253\",\"taxID\":\"B61104253\",\"numberOfEmployees\":{\"@type\":\"QuantitativeValue\",\"minValue\":\"11\",\"maxValue\":\"50\"}}]}<\/script>\n<!-- \/ Yoast SEO Premium plugin. -->","yoast_head_json":{"title":"Legal Notice | Mudanzas Control","robots":{"index":"noindex","follow":"nofollow"},"og_locale":"en_US","og_type":"article","og_title":"Legal Notice","og_description":"LEGAL NOTICE In compliance with the duty of information set out in article 10 of Law 34\/2002, of 11 July, on Information Society Services and Electronic","og_url":"https:\/\/www.mudanzascontrol.com\/en\/legal-notice\/","og_site_name":"Mudanzas Control","article_publisher":"https:\/\/es-es.facebook.com\/MudanzasControl\/","og_image":[{"width":3780,"height":2530,"url":"https:\/\/www.mudanzascontrol.com\/wp-content\/uploads\/2019\/05\/Mudanzas-Barcelona-Control-1.jpg","type":"image\/jpeg"}],"twitter_card":"summary_large_image","twitter_site":"@MudanzasControl","twitter_misc":{"Est. reading time":"2 minutes"},"schema":{"@context":"https:\/\/schema.org","@graph":[{"@type":"WebPage","@id":"https:\/\/www.mudanzascontrol.com\/en\/legal-notice\/","url":"https:\/\/www.mudanzascontrol.com\/en\/legal-notice\/","name":"Legal Notice | Mudanzas Control","isPartOf":{"@id":"https:\/\/www.mudanzascontrol.com\/#website"},"datePublished":"2023-06-05T18:59:49+00:00","breadcrumb":{"@id":"https:\/\/www.mudanzascontrol.com\/en\/legal-notice\/#breadcrumb"},"inLanguage":"en-US","potentialAction":[{"@type":"ReadAction","target":["https:\/\/www.mudanzascontrol.com\/en\/legal-notice\/"]}]},{"@type":"BreadcrumbList","@id":"https:\/\/www.mudanzascontrol.com\/en\/legal-notice\/#breadcrumb","itemListElement":[{"@type":"ListItem","position":1,"name":"Portada","item":"https:\/\/www.mudanzascontrol.com\/en\/inicio\/"},{"@type":"ListItem","position":2,"name":"Legal Notice"}]},{"@type":"WebSite","@id":"https:\/\/www.mudanzascontrol.com\/#website","url":"https:\/\/www.mudanzascontrol.com\/","name":"Mudanzas Control","description":"Empresa de Mudanzas en Barcelona","publisher":{"@id":"https:\/\/www.mudanzascontrol.com\/#organization"},"alternateName":"CONTROL Mudanzas Barcelona","potentialAction":[{"@type":"SearchAction","target":{"@type":"EntryPoint","urlTemplate":"https:\/\/www.mudanzascontrol.com\/?s={search_term_string}"},"query-input":{"@type":"PropertyValueSpecification","valueRequired":true,"valueName":"search_term_string"}}],"inLanguage":"en-US"},{"@type":"Organization","@id":"https:\/\/www.mudanzascontrol.com\/#organization","name":"CONTROL Mudanzas","url":"https:\/\/www.mudanzascontrol.com\/","logo":{"@type":"ImageObject","inLanguage":"en-US","@id":"https:\/\/www.mudanzascontrol.com\/#\/schema\/logo\/image\/","url":"https:\/\/www.mudanzascontrol.com\/wp-content\/uploads\/2019\/08\/Control-Mudanzas-Barcelona.jpg","contentUrl":"https:\/\/www.mudanzascontrol.com\/wp-content\/uploads\/2019\/08\/Control-Mudanzas-Barcelona.jpg","width":500,"height":125,"caption":"CONTROL Mudanzas"},"image":{"@id":"https:\/\/www.mudanzascontrol.com\/#\/schema\/logo\/image\/"},"sameAs":["https:\/\/es-es.facebook.com\/MudanzasControl\/","https:\/\/x.com\/MudanzasControl","https:\/\/www.instagram.com\/mudanzascontrol\/","https:\/\/www.linkedin.com\/company\/control-mudanzas-sl","https:\/\/www.pinterest.es\/mudanzascontrol\/","https:\/\/www.youtube.com\/user\/Guardamuebles1"],"description":"Empresa de mudanzas ubicada en Barcelona","email":"comercial@mudanzascontrol.com","telephone":"933340100","legalName":"CONSORCIO DE TRANSITO Y ORGANIZACI\u00d3N LOG\u00cdSTICA EN MUDANZAS, SLU","vatID":"B61104253","taxID":"B61104253","numberOfEmployees":{"@type":"QuantitativeValue","minValue":"11","maxValue":"50"}}]}},"_links":{"self":[{"href":"https:\/\/www.mudanzascontrol.com\/en\/wp-json\/wp\/v2\/pages\/6528","targetHints":{"allow":["GET"]}}],"collection":[{"href":"https:\/\/www.mudanzascontrol.com\/en\/wp-json\/wp\/v2\/pages"}],"about":[{"href":"https:\/\/www.mudanzascontrol.com\/en\/wp-json\/wp\/v2\/types\/page"}],"author":[{"embeddable":true,"href":"https:\/\/www.mudanzascontrol.com\/en\/wp-json\/wp\/v2\/users\/5"}],"replies":[{"embeddable":true,"href":"https:\/\/www.mudanzascontrol.com\/en\/wp-json\/wp\/v2\/comments?post=6528"}],"version-history":[{"count":0,"href":"https:\/\/www.mudanzascontrol.com\/en\/wp-json\/wp\/v2\/pages\/6528\/revisions"}],"wp:attachment":[{"href":"https:\/\/www.mudanzascontrol.com\/en\/wp-json\/wp\/v2\/media?parent=6528"}],"curies":[{"name":"wp","href":"https:\/\/api.w.org\/{rel}","templated":true}]}}